{"id":869,"date":"2019-01-20T17:23:12","date_gmt":"2019-01-20T17:23:12","guid":{"rendered":"http:\/\/democontent.codex-themes.com\/sites\/agency-digital\/about-us-copy\/"},"modified":"2026-02-18T09:13:14","modified_gmt":"2026-02-18T08:13:14","slug":"druk-wielkoformatowy","status":"publish","type":"page","link":"https:\/\/mdprojekt.eu\/index.php\/co-oferujemy\/druk-wielkoformatowy\/","title":{"rendered":"Druk wielkoformatowy"},"content":{"rendered":"<div class=\"wpb-content-wrapper\"><p>[vc_row full_width=&#8221;stretch_row&#8221; css=&#8221;.vc_custom_1553596858379{margin-bottom: 0px !important;background-image: url(http:\/\/mdprojs.cluster030.hosting.ovh.net\/wp-content\/uploads\/2019\/01\/4.png?id=257) !important;background-position: center !important;background-repeat: no-repeat !important;background-size: cover !important;}&#8221;][vc_column width=&#8221;1\/2&#8243;]<div class=\"clearboth\"><\/div><style>#thegem-divider-69f2a2063f68b {margin-top: 80px !important;}<\/style><div id=\"thegem-divider-69f2a2063f68b\" class=\"gem-divider  divider-hidden\" style=\"\" ><\/div>[vc_column_text css=&#8221;.vc_custom_1754031333812{padding-top: 20px !important;}&#8221; css_animation=&#8221;bounceInLeft&#8221;]<\/p>\n<div class=\"title-h1\">Druk wielkoformatowy<\/div>\n<p>[\/vc_column_text][vc_separator color=&#8221;custom&#8221; align=&#8221;align_left&#8221; el_width=&#8221;20&#8243; css=&#8221;.vc_custom_1553532774199{padding-top: 5px !important;padding-bottom: 0px !important;}&#8221; accent_color=&#8221;#88bec9&#8243;]<div class=\"clearboth\"><\/div><style>#thegem-divider-69f2a2063f6a9 {margin-top: 15px !important;}<\/style><div id=\"thegem-divider-69f2a2063f6a9\" class=\"gem-divider  divider-hidden\" style=\"\" ><\/div>[vc_column_text css=&#8221;.vc_custom_1754031391707{margin-bottom: 28px !important;}&#8221;]<\/p>\n<h2 class=\"styled-subtitle\"><strong>Twoja marka na du\u017c\u0105 skal\u0119<\/strong><\/h2>\n<p>[\/vc_column_text][vc_column_text css=&#8221;&#8221;]<\/p>\n<p data-start=\"239\" data-end=\"561\">Druk wielkoformatowy to niezawodne narz\u0119dzie, kiedy chcesz by\u0107 <strong data-start=\"302\" data-end=\"323\">widoczny z daleka<\/strong>. Banery, plakaty, roll-upy, siatki mesh czy folie okienne \u2014 wszystko to mo\u017cesz u nas wydrukowa\u0107 z gwarancj\u0105 trwa\u0142o\u015bci i doskona\u0142ej jako\u015bci. Idealny wyb\u00f3r dla reklamy outdoorowej, targ\u00f3w, wystaw, witryn sklepowych i kampanii promocyjnych.<\/p>\n<p data-start=\"563\" data-end=\"737\">Dzi\u0119ki zaawansowanej technologii druku uzyskujemy \u017cywe kolory, odporno\u015b\u0107 na warunki atmosferyczne i mo\u017cliwo\u015b\u0107 druku na r\u00f3\u017cnych powierzchniach \u2013 od papieru po tkaniny i folie.<\/p>\n<p>[\/vc_column_text][\/vc_column][vc_column width=&#8221;1\/2&#8243;]<div class=\"clearboth\"><\/div><style>#thegem-divider-69f2a2063f6b6 {margin-top: 70px !important;}<\/style><div id=\"thegem-divider-69f2a2063f6b6\" class=\"gem-divider  divider-hidden\" style=\"\" ><\/div>[vc_single_image image=&#8221;1682&#8243; img_size=&#8221;large&#8221; css=&#8221;.vc_custom_1754031672543{margin-top: px !important;padding-left: 30px !important;}&#8221; css_animation=&#8221;none&#8221;][\/vc_column][vc_column css=&#8221;.vc_custom_1547571093904{margin-bottom: 0px !important;}&#8221;][vc_row_inner][vc_column_inner width=&#8221;1\/2&#8243;]<div class=\"clearboth\"><\/div><style>#thegem-divider-69f2a2063f6bf {margin-top: 40px !important;}<\/style><div id=\"thegem-divider-69f2a2063f6bf\" class=\"gem-divider  divider-hidden\" style=\"\" ><\/div>[vc_single_image image=&#8221;1930&#8243; img_size=&#8221;large&#8221; css=&#8221;.vc_custom_1757327087033{margin-top: 15px !important;}&#8221;]<div class=\"clearboth\"><\/div><style>#thegem-divider-69f2a2063f6c8 {margin-top: 150px !important;}<\/style><div id=\"thegem-divider-69f2a2063f6c8\" class=\"gem-divider  divider-hidden\" style=\"\" ><\/div>[\/vc_column_inner][vc_column_inner width=&#8221;1\/2&#8243;]<div class=\"clearboth\"><\/div><style>#thegem-divider-69f2a2063f6d0 {margin-top: 10px !important;}<\/style><div id=\"thegem-divider-69f2a2063f6d0\" class=\"gem-divider  divider-hidden\" style=\"\" ><\/div>[vc_column_text css=&#8221;.vc_custom_1754031713563{padding-top: 30px !important;}&#8221; css_animation=&#8221;bounceInRight&#8221;]<\/p>\n<div class=\"title-h1\">Zr\u00f3b wra\u017cenie ju\u017c z daleka<\/div>\n<p>[\/vc_column_text][vc_separator color=&#8221;custom&#8221; align=&#8221;align_left&#8221; el_width=&#8221;20&#8243; css=&#8221;.vc_custom_1547615270912{padding-top: 5px !important;padding-bottom: 15px !important;}&#8221; accent_color=&#8221;#88bec9&#8243;][vc_column_text css=&#8221;.vc_custom_1754031732502{margin-bottom: 55px !important;}&#8221;]<\/p>\n<p data-start=\"246\" data-end=\"586\">Druk wielkoformatowy to nie tylko reklama \u2013 to spos\u00f3b na <strong data-start=\"303\" data-end=\"347\">zwr\u00f3cenie uwagi w przestrzeni publicznej<\/strong>. Dzi\u0119ki niemu Twoja marka mo\u017ce zaistnie\u0107 na ulicy, w galerii handlowej, na elewacji budynku czy nawet w ruchu \u2013 na aucie firmowym. To forma komunikacji, kt\u00f3ra dzia\u0142a bezpo\u015brednio, dociera do przechodni\u00f3w i buduje rozpoznawalno\u015b\u0107 bez s\u0142\u00f3w.<\/p>\n<p data-start=\"588\" data-end=\"731\">W dobie przesytu cyfrowego, <strong data-start=\"616\" data-end=\"698\">druk w du\u017cym formacie to fizyczna obecno\u015b\u0107 Twojej firmy w \u015bwiecie rzeczywistym<\/strong> \u2013 mocna, zauwa\u017calna i skuteczna.<\/p>\n<p>[\/vc_column_text]<style type=\"text\/css\">.thegem-button-69f2a2063f75d1610.lazy-loading-before-start-animation .lazy-loading-item {opacity: 0;} body.thegem-effects-disabled .thegem-button-69f2a2063f75d1610.lazy-loading-before-start-animation .lazy-loading-item {opacity: 1;}<\/style><style type=\"text\/css\">.thegem-button-69f2a2063f75d1610 .gem-button svg {fill: #00bcd4;}.thegem-button-69f2a2063f75d1610 .gem-button:hover svg {fill: #ffffff;}<\/style><div class=\"gem-button-container gem-button-position-left thegem-button-69f2a2063f75d1610     lazy-loading lazy-loading-before-start-animation\"  ><a title=\"Portfolio (Demo)\" class=\"gem-button gem-button-size-large gem-button-style-outline gem-button-text-weight-normal gem-button-border-3 lazy-loading-item\" data-ll-effect=\"drop-right-without-wrap\" style=\"border-radius: 40px;border-color: #00bcd4;color: #00bcd4;\" onmouseleave=\"this.style.borderColor='#00bcd4';this.style.color='#00bcd4';\" onmouseenter=\"this.style.color='#ffffff';\" href=\"https:\/\/mdprojekt.eu\/index.php\/portfolio\/\" target=\"_self\">NASZE PORTFOLIO<\/a><\/div> [\/vc_column_inner][\/vc_row_inner][\/vc_column][\/vc_row][vc_row full_width=&#8221;stretch_row&#8221; css=&#8221;.vc_custom_1754295669838{margin-top: -1px !important;margin-bottom: 0px !important;padding-bottom: 0px !important;background-image: url(https:\/\/mdprojekt.eu\/wp-content\/uploads\/2019\/01\/9-1.png?id=1012) !important;background-position: center !important;background-repeat: no-repeat !important;background-size: cover !important;}&#8221;][vc_column]<div class=\"clearboth\"><\/div><style>#thegem-divider-69f2a2063f784 {margin-top: 40px !important;}<\/style><div id=\"thegem-divider-69f2a2063f784\" class=\"gem-divider  divider-hidden\" style=\"\" ><\/div>[vc_column_text css=&#8221;.vc_custom_1754032057882{padding-top: 20px !important;}&#8221; css_animation=&#8221;fadeInUp&#8221; el_class=&#8221;dline-1&#8243;]<\/p>\n<div class=\"title-h1\" style=\"text-align: center;\"><span style=\"color: #ffffff;\">Co mo\u017cemy dla Ciebie wydrukowa\u0107?<\/span><\/div>\n<p>[\/vc_column_text][vc_separator color=&#8221;custom&#8221; el_width=&#8221;10&#8243; accent_color=&#8221;#88bec9&#8243;]<div class=\"clearboth\"><\/div><style>#thegem-divider-69f2a2063f78f {margin-top: 70px !important;}<\/style><div id=\"thegem-divider-69f2a2063f78f\" class=\"gem-divider  divider-hidden\" style=\"\" ><\/div>[vc_row_inner][vc_column_inner width=&#8221;1\/2&#8243;][vc_single_image image=&#8221;1699&#8243; img_size=&#8221;large&#8221; css=&#8221;&#8221;][\/vc_column_inner][vc_column_inner width=&#8221;1\/2&#8243; css=&#8221;.vc_custom_1754032151481{padding-top: 40px !important;}&#8221;]<div class=\"clearboth\"><\/div><style>#thegem-divider-69f2a2063f796 {margin-top: 57px !important;}<\/style><div id=\"thegem-divider-69f2a2063f796\" class=\"gem-divider  \" style=\"\" ><\/div><div class=\"gem-list lazy-loading gem-list-type-square gem-list-color-3\" ><ul>\n<li data-start=\"787\" data-end=\"887\"><span style=\"color: #ffffff;\"><strong data-start=\"787\" data-end=\"807\">Banery reklamowe<\/strong> \u2013 odporne na warunki zewn\u0119trzne, \u015bwietne na ogrodzenia, budynki czy og\u0142oszenia.<\/span><\/li>\n<li data-start=\"890\" data-end=\"958\"><span style=\"color: #ffffff;\"><strong data-start=\"890\" data-end=\"911\">Plakaty i plansze<\/strong> \u2013 do sklep\u00f3w, biur, szk\u00f3\u0142, punkt\u00f3w us\u0142ugowych.<\/span><\/li>\n<li data-start=\"961\" data-end=\"1020\"><span style=\"color: #ffffff;\"><strong data-start=\"961\" data-end=\"973\">Roll-upy<\/strong> \u2013 idealne na konferencje, targi i prezentacje.<\/span><\/li>\n<li data-start=\"1023\" data-end=\"1103\"><span style=\"color: #ffffff;\"><strong data-start=\"1023\" data-end=\"1043\">Naklejki i folie<\/strong> \u2013 na witryny, samochody, szyby i inne powierzchnie p\u0142askie.<\/span><\/li>\n<li data-start=\"1106\" data-end=\"1216\"><span style=\"color: #ffffff;\"><strong data-start=\"1106\" data-end=\"1131\">Siatki mesh i tkaniny<\/strong> \u2013 do zastosowa\u0144 zewn\u0119trznych, gdzie wa\u017cna jest przepuszczalno\u015b\u0107 powietrza i \u015bwiat\u0142a.<\/span><\/li>\n<\/ul>\n<\/div><div class=\"clearboth\"><\/div><style>#thegem-divider-69f2a2063f808 {margin-top: 57px !important;}<\/style><div id=\"thegem-divider-69f2a2063f808\" class=\"gem-divider  \" style=\"\" ><\/div>[\/vc_column_inner][\/vc_row_inner]<div class=\"clearboth\"><\/div><style>#thegem-divider-69f2a2063f812 {margin-top: 70px !important;}<\/style><div id=\"thegem-divider-69f2a2063f812\" class=\"gem-divider  divider-hidden\" style=\"\" ><\/div><div class=\"clearboth\"><\/div><style>#thegem-divider-69f2a2063f818 {margin-top: 20px !important;}<\/style><div id=\"thegem-divider-69f2a2063f818\" class=\"gem-divider  \" style=\"\" ><\/div>[\/vc_column][\/vc_row]<\/p>\n<\/div>","protected":false},"excerpt":{"rendered":"<p>[vc_row full_width=&#8221;stretch_row&#8221; css=&#8221;.vc_custom_1553596858379{margin-bottom: 0px !important;background-image: url(http:\/\/mdprojs.cluster030.hosting.ovh.net\/wp-content\/uploads\/2019\/01\/4.png?id=257) !important;background-position: center !important;background-repeat: no-repeat !important;background-size: cover !important;}&#8221;][vc_column width=&#8221;1\/2&#8243;][vc_column_text css=&#8221;.vc_custom_1754031333812{padding-top: 20px !important;}&#8221; css_animation=&#8221;bounceInLeft&#8221;] Druk wielkoformatowy&#8230;<\/p>\n","protected":false},"author":1,"featured_media":0,"parent":1219,"menu_order":0,"comment_status":"closed","ping_status":"closed","template":"","meta":{"footnotes":""},"class_list":["post-869","page","type-page","status-publish"],"yoast_head":"<!-- This site is optimized with the Yoast SEO plugin v27.0 - https:\/\/yoast.com\/product\/yoast-seo-wordpress\/ -->\n<title>Druk wielkoformatowy \u2013 Banery, Folie i Reklama | MD-Projekt<\/title>\n<meta name=\"description\" content=\"Realizujemy profesjonalny druk wielkoformatowy na najwy\u017cszym poziomie. Banery, folie okienne i systemy wystawiennicze dla Twojej firmy. Sprawd\u017a!\" \/>\n<meta name=\"robots\" content=\"index, follow, max-snippet:-1, max-image-preview:large, max-video-preview:-1\" \/>\n<link rel=\"canonical\" href=\"https:\/\/mdprojekt.eu\/index.php\/co-oferujemy\/druk-wielkoformatowy\/\" \/>\n<meta property=\"og:locale\" content=\"pl_PL\" \/>\n<meta property=\"og:type\" content=\"article\" \/>\n<meta property=\"og:title\" content=\"Druk wielkoformatowy \u2013 Banery, Folie i Reklama | MD-Projekt\" \/>\n<meta property=\"og:description\" content=\"Realizujemy profesjonalny druk wielkoformatowy na najwy\u017cszym poziomie. Banery, folie okienne i systemy wystawiennicze dla Twojej firmy. Sprawd\u017a!\" \/>\n<meta property=\"og:url\" content=\"https:\/\/mdprojekt.eu\/index.php\/co-oferujemy\/druk-wielkoformatowy\/\" \/>\n<meta property=\"og:site_name\" content=\"MD-PROJEKT\" \/>\n<meta property=\"article:modified_time\" content=\"2026-02-18T08:13:14+00:00\" \/>\n<meta name=\"twitter:card\" content=\"summary_large_image\" \/>\n<meta name=\"twitter:label1\" content=\"Szacowany czas czytania\" \/>\n\t<meta name=\"twitter:data1\" content=\"3 minuty\" \/>\n<script type=\"application\/ld+json\" class=\"yoast-schema-graph\">{\"@context\":\"https:\/\/schema.org\",\"@graph\":[{\"@type\":\"WebPage\",\"@id\":\"https:\/\/mdprojekt.eu\/index.php\/co-oferujemy\/druk-wielkoformatowy\/\",\"url\":\"https:\/\/mdprojekt.eu\/index.php\/co-oferujemy\/druk-wielkoformatowy\/\",\"name\":\"Druk wielkoformatowy \u2013 Banery, Folie i Reklama | MD-Projekt\",\"isPartOf\":{\"@id\":\"https:\/\/mdprojekt.eu\/#website\"},\"datePublished\":\"2019-01-20T17:23:12+00:00\",\"dateModified\":\"2026-02-18T08:13:14+00:00\",\"description\":\"Realizujemy profesjonalny druk wielkoformatowy na najwy\u017cszym poziomie. Banery, folie okienne i systemy wystawiennicze dla Twojej firmy. Sprawd\u017a!\",\"breadcrumb\":{\"@id\":\"https:\/\/mdprojekt.eu\/index.php\/co-oferujemy\/druk-wielkoformatowy\/#breadcrumb\"},\"inLanguage\":\"pl-PL\",\"potentialAction\":[{\"@type\":\"ReadAction\",\"target\":[\"https:\/\/mdprojekt.eu\/index.php\/co-oferujemy\/druk-wielkoformatowy\/\"]}]},{\"@type\":\"BreadcrumbList\",\"@id\":\"https:\/\/mdprojekt.eu\/index.php\/co-oferujemy\/druk-wielkoformatowy\/#breadcrumb\",\"itemListElement\":[{\"@type\":\"ListItem\",\"position\":1,\"name\":\"Strona g\u0142\u00f3wna\",\"item\":\"https:\/\/mdprojekt.eu\/\"},{\"@type\":\"ListItem\",\"position\":2,\"name\":\"CO OFERUJEMY\",\"item\":\"https:\/\/mdprojekt.eu\/index.php\/co-oferujemy\/\"},{\"@type\":\"ListItem\",\"position\":3,\"name\":\"Druk wielkoformatowy\"}]},{\"@type\":\"WebSite\",\"@id\":\"https:\/\/mdprojekt.eu\/#website\",\"url\":\"https:\/\/mdprojekt.eu\/\",\"name\":\"MD-PROJEKT\",\"description\":\"\",\"publisher\":{\"@id\":\"https:\/\/mdprojekt.eu\/#organization\"},\"potentialAction\":[{\"@type\":\"SearchAction\",\"target\":{\"@type\":\"EntryPoint\",\"urlTemplate\":\"https:\/\/mdprojekt.eu\/?s={search_term_string}\"},\"query-input\":{\"@type\":\"PropertyValueSpecification\",\"valueRequired\":true,\"valueName\":\"search_term_string\"}}],\"inLanguage\":\"pl-PL\"},{\"@type\":\"Organization\",\"@id\":\"https:\/\/mdprojekt.eu\/#organization\",\"name\":\"MD-PROJEKT\",\"url\":\"https:\/\/mdprojekt.eu\/\",\"logo\":{\"@type\":\"ImageObject\",\"inLanguage\":\"pl-PL\",\"@id\":\"https:\/\/mdprojekt.eu\/#\/schema\/logo\/image\/\",\"url\":\"https:\/\/mdprojekt.eu\/wp-content\/uploads\/2025\/08\/cropped-md-logo-1.png\",\"contentUrl\":\"https:\/\/mdprojekt.eu\/wp-content\/uploads\/2025\/08\/cropped-md-logo-1.png\",\"width\":512,\"height\":512,\"caption\":\"MD-PROJEKT\"},\"image\":{\"@id\":\"https:\/\/mdprojekt.eu\/#\/schema\/logo\/image\/\"}}]}<\/script>\n<!-- \/ Yoast SEO plugin. -->","yoast_head_json":{"title":"Druk wielkoformatowy \u2013 Banery, Folie i Reklama | MD-Projekt","description":"Realizujemy profesjonalny druk wielkoformatowy na najwy\u017cszym poziomie. Banery, folie okienne i systemy wystawiennicze dla Twojej firmy. Sprawd\u017a!","robots":{"index":"index","follow":"follow","max-snippet":"max-snippet:-1","max-image-preview":"max-image-preview:large","max-video-preview":"max-video-preview:-1"},"canonical":"https:\/\/mdprojekt.eu\/index.php\/co-oferujemy\/druk-wielkoformatowy\/","og_locale":"pl_PL","og_type":"article","og_title":"Druk wielkoformatowy \u2013 Banery, Folie i Reklama | MD-Projekt","og_description":"Realizujemy profesjonalny druk wielkoformatowy na najwy\u017cszym poziomie. Banery, folie okienne i systemy wystawiennicze dla Twojej firmy. Sprawd\u017a!","og_url":"https:\/\/mdprojekt.eu\/index.php\/co-oferujemy\/druk-wielkoformatowy\/","og_site_name":"MD-PROJEKT","article_modified_time":"2026-02-18T08:13:14+00:00","twitter_card":"summary_large_image","twitter_misc":{"Szacowany czas czytania":"3 minuty"},"schema":{"@context":"https:\/\/schema.org","@graph":[{"@type":"WebPage","@id":"https:\/\/mdprojekt.eu\/index.php\/co-oferujemy\/druk-wielkoformatowy\/","url":"https:\/\/mdprojekt.eu\/index.php\/co-oferujemy\/druk-wielkoformatowy\/","name":"Druk wielkoformatowy \u2013 Banery, Folie i Reklama | MD-Projekt","isPartOf":{"@id":"https:\/\/mdprojekt.eu\/#website"},"datePublished":"2019-01-20T17:23:12+00:00","dateModified":"2026-02-18T08:13:14+00:00","description":"Realizujemy profesjonalny druk wielkoformatowy na najwy\u017cszym poziomie. Banery, folie okienne i systemy wystawiennicze dla Twojej firmy. Sprawd\u017a!","breadcrumb":{"@id":"https:\/\/mdprojekt.eu\/index.php\/co-oferujemy\/druk-wielkoformatowy\/#breadcrumb"},"inLanguage":"pl-PL","potentialAction":[{"@type":"ReadAction","target":["https:\/\/mdprojekt.eu\/index.php\/co-oferujemy\/druk-wielkoformatowy\/"]}]},{"@type":"BreadcrumbList","@id":"https:\/\/mdprojekt.eu\/index.php\/co-oferujemy\/druk-wielkoformatowy\/#breadcrumb","itemListElement":[{"@type":"ListItem","position":1,"name":"Strona g\u0142\u00f3wna","item":"https:\/\/mdprojekt.eu\/"},{"@type":"ListItem","position":2,"name":"CO OFERUJEMY","item":"https:\/\/mdprojekt.eu\/index.php\/co-oferujemy\/"},{"@type":"ListItem","position":3,"name":"Druk wielkoformatowy"}]},{"@type":"WebSite","@id":"https:\/\/mdprojekt.eu\/#website","url":"https:\/\/mdprojekt.eu\/","name":"MD-PROJEKT","description":"","publisher":{"@id":"https:\/\/mdprojekt.eu\/#organization"},"potentialAction":[{"@type":"SearchAction","target":{"@type":"EntryPoint","urlTemplate":"https:\/\/mdprojekt.eu\/?s={search_term_string}"},"query-input":{"@type":"PropertyValueSpecification","valueRequired":true,"valueName":"search_term_string"}}],"inLanguage":"pl-PL"},{"@type":"Organization","@id":"https:\/\/mdprojekt.eu\/#organization","name":"MD-PROJEKT","url":"https:\/\/mdprojekt.eu\/","logo":{"@type":"ImageObject","inLanguage":"pl-PL","@id":"https:\/\/mdprojekt.eu\/#\/schema\/logo\/image\/","url":"https:\/\/mdprojekt.eu\/wp-content\/uploads\/2025\/08\/cropped-md-logo-1.png","contentUrl":"https:\/\/mdprojekt.eu\/wp-content\/uploads\/2025\/08\/cropped-md-logo-1.png","width":512,"height":512,"caption":"MD-PROJEKT"},"image":{"@id":"https:\/\/mdprojekt.eu\/#\/schema\/logo\/image\/"}}]}},"_links":{"self":[{"href":"https:\/\/mdprojekt.eu\/index.php\/wp-json\/wp\/v2\/pages\/869","targetHints":{"allow":["GET"]}}],"collection":[{"href":"https:\/\/mdprojekt.eu\/index.php\/wp-json\/wp\/v2\/pages"}],"about":[{"href":"https:\/\/mdprojekt.eu\/index.php\/wp-json\/wp\/v2\/types\/page"}],"author":[{"embeddable":true,"href":"https:\/\/mdprojekt.eu\/index.php\/wp-json\/wp\/v2\/users\/1"}],"replies":[{"embeddable":true,"href":"https:\/\/mdprojekt.eu\/index.php\/wp-json\/wp\/v2\/comments?post=869"}],"version-history":[{"count":14,"href":"https:\/\/mdprojekt.eu\/index.php\/wp-json\/wp\/v2\/pages\/869\/revisions"}],"predecessor-version":[{"id":2097,"href":"https:\/\/mdprojekt.eu\/index.php\/wp-json\/wp\/v2\/pages\/869\/revisions\/2097"}],"up":[{"embeddable":true,"href":"https:\/\/mdprojekt.eu\/index.php\/wp-json\/wp\/v2\/pages\/1219"}],"wp:attachment":[{"href":"https:\/\/mdprojekt.eu\/index.php\/wp-json\/wp\/v2\/media?parent=869"}],"curies":[{"name":"wp","href":"https:\/\/api.w.org\/{rel}","templated":true}]}}