{"id":605,"date":"2019-01-18T15:45:35","date_gmt":"2019-01-18T15:45:35","guid":{"rendered":"http:\/\/democontent.codex-themes.com\/sites\/agency-digital\/about-us\/our-process-copy\/"},"modified":"2026-02-18T11:22:57","modified_gmt":"2026-02-18T10:22:57","slug":"studio-graficzne","status":"publish","type":"page","link":"https:\/\/mdprojekt.eu\/index.php\/studio-graficzne\/","title":{"rendered":"Studio graficzne"},"content":{"rendered":"<div class=\"wpb-content-wrapper\"><p>[vc_row][vc_column][vc_column_text css=&#8221;.vc_custom_1771409745359{margin-top: 100px !important;padding-bottom: 20px !important;}&#8221;]<\/p>\n<h3 style=\"text-align: center;\">Studio graficzne MD-Projekt \u2013 Kreatywno\u015b\u0107 poparta do\u015bwiadczeniem<\/h3>\n<p>[\/vc_column_text][vc_column_text css=&#8221;&#8221;]<\/p>\n<p style=\"text-align: center;\">Dobre projektowanie to co\u015b wi\u0119cej ni\u017c \u0142adne obrazki \u2013 to fundament Twojej sprzeda\u017cy. Nasze <b data-path-to-node=\"4\" data-index-in-node=\"91\">studio graficzne<\/b> \u0142\u0105czy \u015bwie\u017ce spojrzenie na design z techniczn\u0105 wiedz\u0105 o druku, dzi\u0119ki czemu masz pewno\u015b\u0107, \u017ce projekt, kt\u00f3ry widzisz na ekranie, b\u0119dzie wygl\u0105da\u0142 r\u00f3wnie doskonale po wyj\u015bciu z maszyny. Tworzymy projekty, kt\u00f3re nie tylko wygl\u0105daj\u0105 profesjonalnie, ale przede wszystkim skutecznie komunikuj\u0105 warto\u015bci Twojej marki.<\/p>\n<p>[\/vc_column_text][\/vc_column][vc_column width=&#8221;2\/3&#8243; css=&#8221;.vc_custom_1754388144074{padding-top: 30px !important;}&#8221;][vc_single_image image=&#8221;1827&#8243; img_size=&#8221;large&#8221; css=&#8221;.vc_custom_1771410079738{margin-top: 20px !important;}&#8221;][\/vc_column][vc_column width=&#8221;1\/3&#8243; css=&#8221;.vc_custom_1771410034211{padding-top: 30px !important;padding-left: 50px !important;}&#8221;][vc_column_text css=&#8221;&#8221;]<\/p>\n<h4 data-path-to-node=\"5\"><b data-path-to-node=\"5\" data-index-in-node=\"0\">Kompleksowe projektowanie i sk\u0142ad DTP<\/b><\/h4>\n<p data-path-to-node=\"6\">Jako nowoczesne <b data-path-to-node=\"6\" data-index-in-node=\"16\">studio graficzne<\/b>, bierzemy pe\u0142n\u0105 odpowiedzialno\u015b\u0107 za proces wizualny \u2013 od pierwszej kreski w logo, po finalne przygotowanie plik\u00f3w do druku (DTP). Dzi\u0119ki temu unikasz b\u0142\u0119d\u00f3w technicznych, a Twoje materia\u0142y przyci\u0105gaj\u0105 uwag\u0119 funkcjonalno\u015bci\u0105 i estetyk\u0105.<\/p>\n<p data-path-to-node=\"7\"><b data-path-to-node=\"7\" data-index-in-node=\"0\">Co projektujemy dla naszych klient\u00f3w?<\/b><\/p>\n<ul data-path-to-node=\"8\">\n<li>\n<p data-path-to-node=\"8,0,0\"><b data-path-to-node=\"8,0,0\" data-index-in-node=\"0\">Identyfikacja wizualna:<\/b> Profesjonalne logo i sp\u00f3jny wizerunek firmy.<\/p>\n<\/li>\n<li>\n<p data-path-to-node=\"8,1,0\"><b data-path-to-node=\"8,1,0\" data-index-in-node=\"0\">Materia\u0142y reklamowe:<\/b> Ulotki, wizyt\u00f3wki, broszury oraz katalogi produktowe.<\/p>\n<\/li>\n<li>\n<p data-path-to-node=\"8,2,0\"><b data-path-to-node=\"8,2,0\" data-index-in-node=\"0\">Druk wielkoformatowy:<\/b> Projekty baner\u00f3w, roll-up\u00f3w i plakat\u00f3w, kt\u00f3re wida\u0107 z daleka.<\/p>\n<\/li>\n<li>\n<p data-path-to-node=\"8,3,0\"><b data-path-to-node=\"8,3,0\" data-index-in-node=\"0\">Opakowania:<\/b> Design, kt\u00f3ry wyr\u00f3\u017cnia Tw\u00f3j produkt na sklepowej p\u00f3\u0142ce.<\/p>\n<\/li>\n<\/ul>\n<p>[\/vc_column_text][\/vc_column][\/vc_row][vc_row full_width=&#8221;stretch_row&#8221; css=&#8221;.vc_custom_1757327308645{margin-top: -1px !important;margin-bottom: 0px !important;background-image: url(https:\/\/mdprojekt.eu\/wp-content\/uploads\/2019\/01\/2-28.jpg?id=30) !important;background-position: center !important;background-repeat: no-repeat !important;background-size: cover !important;}&#8221;][vc_column]<div id=\"fullwidth-block-69d4c48c88aa8\" class=\"fullwidth-block clearfix\"  style=\"padding-top: 20px;padding-bottom: 70px;\"><script type=\"text\/javascript\">if (typeof(gem_fix_fullwidth_position) == \"function\") { gem_fix_fullwidth_position(document.getElementById(\"fullwidth-block-69d4c48c88aa8\")); }<\/script><div class=\"fullwidth-block-inner\"><div class=\"container\"><div class=\"clearboth\"><\/div><style>#thegem-divider-69d4c48c88b17 {margin-top: 45px !important;}<\/style><div id=\"thegem-divider-69d4c48c88b17\" class=\"gem-divider  divider-hidden\" style=\"\" ><\/div>[vc_column_text css=&#8221;.vc_custom_1754311624817{margin-top: 35px !important;}&#8221; el_class=&#8221;dline-1&#8243;]<\/p>\n<div class=\"title-h1\" style=\"text-align: center;\"><span style=\"color: #ffffff;\">Nasze warto\u015bci<\/span><\/div>\n<p>[\/vc_column_text]<div class=\"clearboth\"><\/div><style>#thegem-divider-69d4c48c88b30 {margin-top: 20px !important;}<\/style><div id=\"thegem-divider-69d4c48c88b30\" class=\"gem-divider  \" style=\"\" ><\/div>[vc_separator color=&#8221;custom&#8221; el_width=&#8221;10&#8243; accent_color=&#8221;#88bec9&#8243;]<div class=\"clearboth\"><\/div><style>#thegem-divider-69d4c48c88b3b {margin-top: 32px !important;}<\/style><div id=\"thegem-divider-69d4c48c88b3b\" class=\"gem-divider  divider-hidden\" style=\"\" ><\/div>[vc_column_text css=&#8221;&#8221;]<\/p>\n<div class=\"styled-subtitle\" style=\"text-align: center;\">\n<p data-start=\"202\" data-end=\"415\">Tworzymy projekty, kt\u00f3re nie tylko wygl\u0105daj\u0105 dobrze, ale skutecznie komunikuj\u0105. Nasze studio graficzne \u0142\u0105czy estetyk\u0119 z funkcjonalno\u015bci\u0105 \u2013 wszystko po to, by Twoje materia\u0142y przyci\u0105ga\u0142y uwag\u0119 i budowa\u0142y wizerunek.<\/p>\n<\/div>\n<p>[\/vc_column_text]<div class=\"clearboth\"><\/div><style>#thegem-divider-69d4c48c88b44 {margin-top: 50px !important;}<\/style><div id=\"thegem-divider-69d4c48c88b44\" class=\"gem-divider  \" style=\"\" ><\/div><div class=\"clearboth\"><\/div><style>#thegem-divider-69d4c48c88b4b {margin-top: 50px !important;}<\/style><div id=\"thegem-divider-69d4c48c88b4b\" class=\"gem-divider  divider-hidden\" style=\"\" ><\/div>[vc_row_inner][vc_column_inner el_class=&#8221;dline-1-1&#8243; width=&#8221;1\/3&#8243; disable_custom_paddings_tablet=&#8221;true&#8221; disable_custom_paddings_mobile=&#8221;true&#8221;]<div class=\"centered-box\"><div class=\"gem-icon gem-icon-pack-elegant gem-icon-size-medium  gem-icon-shape-square gem-simple-icon\"  style=\"opacity: 1;\"><div class=\"gem-icon-inner\" style=\"\"><span class=\"gem-icon-half-1\" style=\"color: #d0e182;\"><span class=\"back-angle\">&#xe0db;<\/span><\/span><span class=\"gem-icon-half-2\" style=\"color: #d0e182;\"><span class=\"back-angle\">&#xe0db;<\/span><\/span><\/div><\/div><\/div><div class=\"clearboth\"><\/div><style>#thegem-divider-69d4c48c88b77 {margin-top: 60px !important;}<\/style><div id=\"thegem-divider-69d4c48c88b77\" class=\"gem-divider  \" style=\"\" ><\/div>[vc_column_text css=&#8221;.vc_custom_1754311779367{margin-bottom: 10px !important;padding-bottom: 0px !important;}&#8221; css_animation=&#8221;bottom-to-top&#8221;]<\/p>\n<h5 class=\"title-h6\" style=\"text-align: center;\"><span style=\"color: #ffffff;\">Misja<\/span><\/h5>\n<p>[\/vc_column_text][vc_column_text css=&#8221;.vc_custom_1754311668685{padding-right: 15px !important;}&#8221; css_animation=&#8221;bottom-to-top&#8221;]<\/p>\n<p style=\"text-align: center;\">Nasz\u0105 misj\u0105 jest tworzenie sp\u00f3jnych i profesjonalnych projekt\u00f3w graficznych, kt\u00f3re idealnie uzupe\u0142niaj\u0105 proces druku. Dbamy o to, aby ka\u017cdy klient \u2013 niezale\u017cnie od bran\u017cy \u2013 otrzyma\u0142 rozwi\u0105zanie dopasowane do jego potrzeb i cel\u00f3w.<\/p>\n<p>[\/vc_column_text]<div class=\"clearboth\"><\/div><style>#thegem-divider-69d4c48c88b7f {margin-top: 70px !important;}<\/style><div id=\"thegem-divider-69d4c48c88b7f\" class=\"gem-divider  \" style=\"\" ><\/div>[\/vc_column_inner][vc_column_inner el_class=&#8221;dline-1-2&#8243; width=&#8221;1\/3&#8243; disable_custom_paddings_tablet=&#8221;true&#8221; disable_custom_paddings_mobile=&#8221;true&#8221;]<div class=\"centered-box\"><div class=\"gem-icon gem-icon-pack-elegant gem-icon-size-medium  gem-icon-shape-square gem-simple-icon\"  style=\"opacity: 1;\"><div class=\"gem-icon-inner\" style=\"\"><span class=\"gem-icon-half-1\" style=\"color: #00bcd4;\"><span class=\"back-angle\">&#xe007;<\/span><\/span><span class=\"gem-icon-half-2\" style=\"color: #00bcd4;\"><span class=\"back-angle\">&#xe007;<\/span><\/span><\/div><\/div><\/div><div class=\"clearboth\"><\/div><style>#thegem-divider-69d4c48c88b95 {margin-top: 60px !important;}<\/style><div id=\"thegem-divider-69d4c48c88b95\" class=\"gem-divider  \" style=\"\" ><\/div>[vc_column_text css=&#8221;.vc_custom_1754311796193{margin-bottom: 10px !important;padding-bottom: 0px !important;}&#8221; css_animation=&#8221;bottom-to-top&#8221;]<\/p>\n<div class=\"title-h6\" style=\"text-align: center;\"><span style=\"color: #ffffff;\"><strong data-start=\"691\" data-end=\"700\">Wizja<\/strong><\/span><\/div>\n<p>[\/vc_column_text][vc_column_text css=&#8221;.vc_custom_1754311832073{padding-right: 15px !important;}&#8221; css_animation=&#8221;bottom-to-top&#8221;]<\/p>\n<p style=\"text-align: center;\" data-start=\"703\" data-end=\"923\">Wierzymy, \u017ce design to nie tylko estetyka \u2013 to narz\u0119dzie, kt\u00f3re wp\u0142ywa na decyzje i emocje. Chcemy by\u0107 partnerem w komunikacji wizualnej naszych klient\u00f3w, oferuj\u0105c kreatywno\u015b\u0107 opart\u0105 na do\u015bwiadczeniu i zrozumieniu rynku.<\/p>\n<p>[\/vc_column_text]<div class=\"clearboth\"><\/div><style>#thegem-divider-69d4c48c88b9d {margin-top: 70px !important;}<\/style><div id=\"thegem-divider-69d4c48c88b9d\" class=\"gem-divider  \" style=\"\" ><\/div>[\/vc_column_inner][vc_column_inner el_class=&#8221;dline-1-3&#8243; width=&#8221;1\/3&#8243; disable_custom_paddings_tablet=&#8221;true&#8221; disable_custom_paddings_mobile=&#8221;true&#8221;]<div class=\"centered-box\"><div class=\"gem-icon gem-icon-pack-elegant gem-icon-size-medium  gem-icon-shape-square gem-simple-icon\"  style=\"opacity: 1;\"><div class=\"gem-icon-inner\" style=\"\"><span class=\"gem-icon-half-1\" style=\"color: #f8574b;\"><span class=\"back-angle\">&#xe102;<\/span><\/span><span class=\"gem-icon-half-2\" style=\"color: #f8574b;\"><span class=\"back-angle\">&#xe102;<\/span><\/span><\/div><\/div><\/div><div class=\"clearboth\"><\/div><style>#thegem-divider-69d4c48c88bae {margin-top: 60px !important;}<\/style><div id=\"thegem-divider-69d4c48c88bae\" class=\"gem-divider  \" style=\"\" ><\/div>[vc_column_text css=&#8221;.vc_custom_1754311861121{margin-bottom: 10px !important;padding-bottom: 0px !important;}&#8221; css_animation=&#8221;bottom-to-top&#8221;]<\/p>\n<div class=\"title-h6\" style=\"text-align: center;\"><span style=\"color: #ffffff;\">Ludzie<\/span><\/div>\n<p>[\/vc_column_text][vc_column_text css=&#8221;.vc_custom_1754311884676{padding-right: 15px !important;}&#8221; css_animation=&#8221;bottom-to-top&#8221;]<\/p>\n<p style=\"text-align: center;\" data-start=\"955\" data-end=\"1168\">Za ka\u017cdym projektem stoj\u0105 ludzie \u2013 do\u015bwiadczeni graficy, kt\u00f3rzy s\u0142uchaj\u0105, doradzaj\u0105 i projektuj\u0105 z pasj\u0105. Budujemy relacje oparte na zaufaniu i otwarto\u015bci, bo wiemy, \u017ce dobry projekt zaczyna si\u0119 od dobrej rozmowy.<\/p>\n<p>[\/vc_column_text]<div class=\"clearboth\"><\/div><style>#thegem-divider-69d4c48c88bb5 {margin-top: 70px !important;}<\/style><div id=\"thegem-divider-69d4c48c88bb5\" class=\"gem-divider  divider-hidden\" style=\"\" ><\/div>[\/vc_column_inner][\/vc_row_inner]<\/div><\/div><\/div>[\/vc_column][\/vc_row]<\/p>\n<\/div>","protected":false},"excerpt":{"rendered":"<p>[vc_row][vc_column][vc_column_text css=&#8221;.vc_custom_1771409745359{margin-top: 100px !important;padding-bottom: 20px !important;}&#8221;] Studio graficzne MD-Projekt \u2013 Kreatywno\u015b\u0107 poparta do\u015bwiadczeniem [\/vc_column_text][vc_column_text css=&#8221;&#8221;] Dobre projektowanie to co\u015b wi\u0119cej&#8230;<\/p>\n","protected":false},"author":1,"featured_media":0,"parent":0,"menu_order":0,"comment_status":"closed","ping_status":"closed","template":"","meta":{"footnotes":""},"class_list":["post-605","page","type-page","status-publish"],"yoast_head":"<!-- This site is optimized with the Yoast SEO plugin v27.0 - https:\/\/yoast.com\/product\/yoast-seo-wordpress\/ -->\n<title>Studio graficzne Miko\u0142\u00f3w \u2013 Projekty logo, DTP i Sk\u0142ad | MD-Projekt<\/title>\n<meta name=\"description\" content=\"Szukasz profesjonalnego projektu? Nasze studio graficzne tworzy identyfikacj\u0119 wizualn\u0105, logo oraz przygotowuje materia\u0142y do druku. Sprawd\u017a ofert\u0119 MD-Projekt!\" \/>\n<meta name=\"robots\" content=\"index, follow, max-snippet:-1, max-image-preview:large, max-video-preview:-1\" \/>\n<link rel=\"canonical\" href=\"https:\/\/mdprojekt.eu\/index.php\/studio-graficzne\/\" \/>\n<meta property=\"og:locale\" content=\"pl_PL\" \/>\n<meta property=\"og:type\" content=\"article\" \/>\n<meta property=\"og:title\" content=\"Studio graficzne Miko\u0142\u00f3w \u2013 Projekty logo, DTP i Sk\u0142ad | MD-Projekt\" \/>\n<meta property=\"og:description\" content=\"Szukasz profesjonalnego projektu? Nasze studio graficzne tworzy identyfikacj\u0119 wizualn\u0105, logo oraz przygotowuje materia\u0142y do druku. Sprawd\u017a ofert\u0119 MD-Projekt!\" \/>\n<meta property=\"og:url\" content=\"https:\/\/mdprojekt.eu\/index.php\/studio-graficzne\/\" \/>\n<meta property=\"og:site_name\" content=\"MD-PROJEKT\" \/>\n<meta property=\"article:modified_time\" content=\"2026-02-18T10:22:57+00:00\" \/>\n<meta name=\"twitter:card\" content=\"summary_large_image\" \/>\n<meta name=\"twitter:label1\" content=\"Szacowany czas czytania\" \/>\n\t<meta name=\"twitter:data1\" content=\"3 minuty\" \/>\n<script type=\"application\/ld+json\" class=\"yoast-schema-graph\">{\"@context\":\"https:\/\/schema.org\",\"@graph\":[{\"@type\":\"WebPage\",\"@id\":\"https:\/\/mdprojekt.eu\/index.php\/studio-graficzne\/\",\"url\":\"https:\/\/mdprojekt.eu\/index.php\/studio-graficzne\/\",\"name\":\"Studio graficzne Miko\u0142\u00f3w \u2013 Projekty logo, DTP i Sk\u0142ad | MD-Projekt\",\"isPartOf\":{\"@id\":\"https:\/\/mdprojekt.eu\/#website\"},\"datePublished\":\"2019-01-18T15:45:35+00:00\",\"dateModified\":\"2026-02-18T10:22:57+00:00\",\"description\":\"Szukasz profesjonalnego projektu? Nasze studio graficzne tworzy identyfikacj\u0119 wizualn\u0105, logo oraz przygotowuje materia\u0142y do druku. Sprawd\u017a ofert\u0119 MD-Projekt!\",\"breadcrumb\":{\"@id\":\"https:\/\/mdprojekt.eu\/index.php\/studio-graficzne\/#breadcrumb\"},\"inLanguage\":\"pl-PL\",\"potentialAction\":[{\"@type\":\"ReadAction\",\"target\":[\"https:\/\/mdprojekt.eu\/index.php\/studio-graficzne\/\"]}]},{\"@type\":\"BreadcrumbList\",\"@id\":\"https:\/\/mdprojekt.eu\/index.php\/studio-graficzne\/#breadcrumb\",\"itemListElement\":[{\"@type\":\"ListItem\",\"position\":1,\"name\":\"Strona g\u0142\u00f3wna\",\"item\":\"https:\/\/mdprojekt.eu\/\"},{\"@type\":\"ListItem\",\"position\":2,\"name\":\"Studio graficzne\"}]},{\"@type\":\"WebSite\",\"@id\":\"https:\/\/mdprojekt.eu\/#website\",\"url\":\"https:\/\/mdprojekt.eu\/\",\"name\":\"MD-PROJEKT\",\"description\":\"\",\"publisher\":{\"@id\":\"https:\/\/mdprojekt.eu\/#organization\"},\"potentialAction\":[{\"@type\":\"SearchAction\",\"target\":{\"@type\":\"EntryPoint\",\"urlTemplate\":\"https:\/\/mdprojekt.eu\/?s={search_term_string}\"},\"query-input\":{\"@type\":\"PropertyValueSpecification\",\"valueRequired\":true,\"valueName\":\"search_term_string\"}}],\"inLanguage\":\"pl-PL\"},{\"@type\":\"Organization\",\"@id\":\"https:\/\/mdprojekt.eu\/#organization\",\"name\":\"MD-PROJEKT\",\"url\":\"https:\/\/mdprojekt.eu\/\",\"logo\":{\"@type\":\"ImageObject\",\"inLanguage\":\"pl-PL\",\"@id\":\"https:\/\/mdprojekt.eu\/#\/schema\/logo\/image\/\",\"url\":\"https:\/\/mdprojekt.eu\/wp-content\/uploads\/2025\/08\/cropped-md-logo-1.png\",\"contentUrl\":\"https:\/\/mdprojekt.eu\/wp-content\/uploads\/2025\/08\/cropped-md-logo-1.png\",\"width\":512,\"height\":512,\"caption\":\"MD-PROJEKT\"},\"image\":{\"@id\":\"https:\/\/mdprojekt.eu\/#\/schema\/logo\/image\/\"}}]}<\/script>\n<!-- \/ Yoast SEO plugin. -->","yoast_head_json":{"title":"Studio graficzne Miko\u0142\u00f3w \u2013 Projekty logo, DTP i Sk\u0142ad | MD-Projekt","description":"Szukasz profesjonalnego projektu? Nasze studio graficzne tworzy identyfikacj\u0119 wizualn\u0105, logo oraz przygotowuje materia\u0142y do druku. Sprawd\u017a ofert\u0119 MD-Projekt!","robots":{"index":"index","follow":"follow","max-snippet":"max-snippet:-1","max-image-preview":"max-image-preview:large","max-video-preview":"max-video-preview:-1"},"canonical":"https:\/\/mdprojekt.eu\/index.php\/studio-graficzne\/","og_locale":"pl_PL","og_type":"article","og_title":"Studio graficzne Miko\u0142\u00f3w \u2013 Projekty logo, DTP i Sk\u0142ad | MD-Projekt","og_description":"Szukasz profesjonalnego projektu? Nasze studio graficzne tworzy identyfikacj\u0119 wizualn\u0105, logo oraz przygotowuje materia\u0142y do druku. Sprawd\u017a ofert\u0119 MD-Projekt!","og_url":"https:\/\/mdprojekt.eu\/index.php\/studio-graficzne\/","og_site_name":"MD-PROJEKT","article_modified_time":"2026-02-18T10:22:57+00:00","twitter_card":"summary_large_image","twitter_misc":{"Szacowany czas czytania":"3 minuty"},"schema":{"@context":"https:\/\/schema.org","@graph":[{"@type":"WebPage","@id":"https:\/\/mdprojekt.eu\/index.php\/studio-graficzne\/","url":"https:\/\/mdprojekt.eu\/index.php\/studio-graficzne\/","name":"Studio graficzne Miko\u0142\u00f3w \u2013 Projekty logo, DTP i Sk\u0142ad | MD-Projekt","isPartOf":{"@id":"https:\/\/mdprojekt.eu\/#website"},"datePublished":"2019-01-18T15:45:35+00:00","dateModified":"2026-02-18T10:22:57+00:00","description":"Szukasz profesjonalnego projektu? Nasze studio graficzne tworzy identyfikacj\u0119 wizualn\u0105, logo oraz przygotowuje materia\u0142y do druku. Sprawd\u017a ofert\u0119 MD-Projekt!","breadcrumb":{"@id":"https:\/\/mdprojekt.eu\/index.php\/studio-graficzne\/#breadcrumb"},"inLanguage":"pl-PL","potentialAction":[{"@type":"ReadAction","target":["https:\/\/mdprojekt.eu\/index.php\/studio-graficzne\/"]}]},{"@type":"BreadcrumbList","@id":"https:\/\/mdprojekt.eu\/index.php\/studio-graficzne\/#breadcrumb","itemListElement":[{"@type":"ListItem","position":1,"name":"Strona g\u0142\u00f3wna","item":"https:\/\/mdprojekt.eu\/"},{"@type":"ListItem","position":2,"name":"Studio graficzne"}]},{"@type":"WebSite","@id":"https:\/\/mdprojekt.eu\/#website","url":"https:\/\/mdprojekt.eu\/","name":"MD-PROJEKT","description":"","publisher":{"@id":"https:\/\/mdprojekt.eu\/#organization"},"potentialAction":[{"@type":"SearchAction","target":{"@type":"EntryPoint","urlTemplate":"https:\/\/mdprojekt.eu\/?s={search_term_string}"},"query-input":{"@type":"PropertyValueSpecification","valueRequired":true,"valueName":"search_term_string"}}],"inLanguage":"pl-PL"},{"@type":"Organization","@id":"https:\/\/mdprojekt.eu\/#organization","name":"MD-PROJEKT","url":"https:\/\/mdprojekt.eu\/","logo":{"@type":"ImageObject","inLanguage":"pl-PL","@id":"https:\/\/mdprojekt.eu\/#\/schema\/logo\/image\/","url":"https:\/\/mdprojekt.eu\/wp-content\/uploads\/2025\/08\/cropped-md-logo-1.png","contentUrl":"https:\/\/mdprojekt.eu\/wp-content\/uploads\/2025\/08\/cropped-md-logo-1.png","width":512,"height":512,"caption":"MD-PROJEKT"},"image":{"@id":"https:\/\/mdprojekt.eu\/#\/schema\/logo\/image\/"}}]}},"_links":{"self":[{"href":"https:\/\/mdprojekt.eu\/index.php\/wp-json\/wp\/v2\/pages\/605","targetHints":{"allow":["GET"]}}],"collection":[{"href":"https:\/\/mdprojekt.eu\/index.php\/wp-json\/wp\/v2\/pages"}],"about":[{"href":"https:\/\/mdprojekt.eu\/index.php\/wp-json\/wp\/v2\/types\/page"}],"author":[{"embeddable":true,"href":"https:\/\/mdprojekt.eu\/index.php\/wp-json\/wp\/v2\/users\/1"}],"replies":[{"embeddable":true,"href":"https:\/\/mdprojekt.eu\/index.php\/wp-json\/wp\/v2\/comments?post=605"}],"version-history":[{"count":56,"href":"https:\/\/mdprojekt.eu\/index.php\/wp-json\/wp\/v2\/pages\/605\/revisions"}],"predecessor-version":[{"id":2108,"href":"https:\/\/mdprojekt.eu\/index.php\/wp-json\/wp\/v2\/pages\/605\/revisions\/2108"}],"wp:attachment":[{"href":"https:\/\/mdprojekt.eu\/index.php\/wp-json\/wp\/v2\/media?parent=605"}],"curies":[{"name":"wp","href":"https:\/\/api.w.org\/{rel}","templated":true}]}}