{"id":522,"date":"2019-01-17T15:11:03","date_gmt":"2019-01-17T15:11:03","guid":{"rendered":"http:\/\/democontent.codex-themes.com\/sites\/agency-digital\/about-us-copy\/"},"modified":"2026-02-12T15:00:20","modified_gmt":"2026-02-12T14:00:20","slug":"druk-cyfrowy","status":"publish","type":"page","link":"https:\/\/mdprojekt.eu\/index.php\/co-oferujemy\/druk-cyfrowy\/","title":{"rendered":"Druk cyfrowy"},"content":{"rendered":"<div class=\"wpb-content-wrapper\"><p>[vc_row full_width=&#8221;stretch_row&#8221; css=&#8221;.vc_custom_1553525482156{margin-bottom: 0px !important;background-image: url(http:\/\/mdprojs.cluster030.hosting.ovh.net\/wp-content\/uploads\/2019\/01\/4.png?id=257) !important;background-position: center !important;background-repeat: no-repeat !important;background-size: cover !important;}&#8221;][vc_column css=&#8221;.vc_custom_1547571093904{margin-bottom: 0px !important;}&#8221;]<div class=\"clearboth\"><\/div><style>#thegem-divider-69f2a1d0afcf1 {margin-top: 100px !important;}<\/style><div id=\"thegem-divider-69f2a1d0afcf1\" class=\"gem-divider  divider-hidden\" style=\"\" ><\/div>[vc_column_text css=&#8221;&#8221;]<\/p>\n<div class=\"title-h1\" style=\"text-align: center;\">Druk cyfrowy \u2013 elastyczno\u015b\u0107 i szybko\u015b\u0107 w jednym<\/div>\n<p>[\/vc_column_text][vc_separator color=&#8221;custom&#8221; el_width=&#8221;10&#8243; css=&#8221;.vc_custom_1553525291228{padding-top: 5px !important;}&#8221; accent_color=&#8221;#88bec9&#8243;]<div class=\"clearboth\"><\/div><style>#thegem-divider-69f2a1d0afd11 {margin-top: 15px !important;}<\/style><div id=\"thegem-divider-69f2a1d0afd11\" class=\"gem-divider  divider-hidden\" style=\"\" ><\/div>[vc_column_text css=&#8221;.vc_custom_1770904817795{margin-top: 5px !important;}&#8221;]<\/p>\n<div class=\"styled-subtitle\" style=\"text-align: center;\">\n<p data-start=\"488\" data-end=\"707\">Je\u015bli szukasz us\u0142ugi, w kt\u00f3rej liczy si\u0119 czas i niewielki nak\u0142ad, nasz <b data-path-to-node=\"5\" data-index-in-node=\"71\">druk cyfrowy Miko\u0142\u00f3w<\/b> to rozwi\u0105zanie idealne. W MD-Projekt stawiamy na nowoczesne technologie, kt\u00f3re pozwalaj\u0105 drukowa\u0107 dok\u0142adnie tyle, ile potrzebujesz \u2013 nawet pojedyncze sztuki. Wybieraj\u0105c nasz\u0105 ofert\u0119, eliminujesz koszty przygotowania matryc, co pozwala nam na b\u0142yskawiczny start produkcji.<\/p>\n<\/div>\n<p>[\/vc_column_text]<div class=\"clearboth\"><\/div><style>#thegem-divider-69f2a1d0afd1d {margin-top: 40px !important;}<\/style><div id=\"thegem-divider-69f2a1d0afd1d\" class=\"gem-divider  \" style=\"\" ><\/div><div class=\"gem-button-container gem-button-position-center thegem-button-69f2a1d0afdcf6481    \"  ><a title=\"Portfolio\" class=\"gem-button gem-button-size-large gem-button-style-outline gem-button-text-weight-normal gem-button-border-3\" data-ll-effect=\"drop-right-without-wrap\" style=\"border-radius: 40px;\" onmouseleave=\"\" onmouseenter=\"\" href=\"https:\/\/mdprojekt.eu\/index.php\/portfolio\/portfolio-grid\/\" target=\"_self\">NASZE PORTFOLIO<\/a><\/div> <div class=\"clearboth\"><\/div><style>#thegem-divider-69f2a1d0afdf9 {margin-top: 35px !important;}<\/style><div id=\"thegem-divider-69f2a1d0afdf9\" class=\"gem-divider  divider-hidden\" style=\"\" ><\/div>[vc_single_image image=&#8221;1663&#8243; img_size=&#8221;full&#8221; alignment=&#8221;center&#8221; css=&#8221;&#8221; interactions_enabled=&#8221;1&#8243; vertical_scroll=&#8221;1&#8243; css_animation=&#8221;fadeIn&#8221;]<div class=\"clearboth\"><\/div><style>#thegem-divider-69f2a1d0afe07 {margin-top: 40px !important;}<\/style><div id=\"thegem-divider-69f2a1d0afe07\" class=\"gem-divider  \" style=\"\" ><\/div>[\/vc_column][\/vc_row][vc_row full_width=&#8221;stretch_row&#8221; css=&#8221;.vc_custom_1754295538165{margin-bottom: 0px !important;background-image: url(https:\/\/mdprojekt.eu\/wp-content\/uploads\/2019\/01\/5-21.jpg?id=120) !important;background-position: center !important;background-repeat: no-repeat !important;background-size: cover !important;}&#8221;][vc_column]<div id=\"fullwidth-block-69f2a1d0b014e\" class=\"fullwidth-block clearfix\"  style=\"padding-top: 20px;padding-bottom: 70px;\"><script type=\"text\/javascript\">if (typeof(gem_fix_fullwidth_position) == \"function\") { gem_fix_fullwidth_position(document.getElementById(\"fullwidth-block-69f2a1d0b014e\")); }<\/script><div class=\"fullwidth-block-inner\"><div class=\"container\"><div class=\"clearboth\"><\/div><style>#thegem-divider-69f2a1d0b01cf {margin-top: 40px !important;}<\/style><div id=\"thegem-divider-69f2a1d0b01cf\" class=\"gem-divider  divider-hidden\" style=\"\" ><\/div>[vc_column_text css=&#8221;&#8221; el_class=&#8221;dline-1&#8243;]<\/p>\n<div class=\"title-h1\" style=\"text-align: center;\"><span style=\"color: #ffffff;\">ZALETY DRUKU CYFROWEGO<\/span><\/div>\n<p>[\/vc_column_text]<div class=\"clearboth\"><\/div><style>#thegem-divider-69f2a1d0b01e5 {margin-top: 20px !important;}<\/style><div id=\"thegem-divider-69f2a1d0b01e5\" class=\"gem-divider  \" style=\"\" ><\/div>[vc_separator color=&#8221;custom&#8221; el_width=&#8221;10&#8243; accent_color=&#8221;#a1a1a1&#8243;][vc_row_inner][vc_column_inner width=&#8221;1\/3&#8243;]<div class=\"clearboth\"><\/div><style>#thegem-divider-69f2a1d0b01f3 {margin-top: 55px !important;}<\/style><div id=\"thegem-divider-69f2a1d0b01f3\" class=\"gem-divider  \" style=\"\" ><\/div>[vc_column_text css=&#8221;.vc_custom_1770904496172{margin-bottom: 15px !important;}&#8221; css_animation=&#8221;fadeIn&#8221;]<\/p>\n<div class=\"title-h6\"><span style=\"color: #0bb8b8;\">Ekspresowy czas realizacji<\/span><\/div>\n<p>[\/vc_column_text][vc_separator color=&#8221;custom&#8221; align=&#8221;align_left&#8221; el_width=&#8221;30&#8243; css=&#8221;.vc_custom_1547572413570{padding-top: 13px !important;}&#8221; accent_color=&#8221;#00bcd4&#8243;]<div class=\"clearboth\"><\/div><style>#thegem-divider-69f2a1d0b0200 {margin-top: 20px !important;}<\/style><div id=\"thegem-divider-69f2a1d0b0200\" class=\"gem-divider  \" style=\"\" ><\/div>[vc_column_text css=&#8221;.vc_custom_1753988973702{padding-right: 15px !important;}&#8221; css_animation=&#8221;bottom-to-top&#8221;]<span style=\"color: #bcc6cd;\">Druk cyfrowy nie wymaga przygotowania form drukarskich, dzi\u0119ki czemu mo\u017cemy rozpocz\u0105\u0107 produkcj\u0119 niemal natychmiast po otrzymaniu pliku. To idealne rozwi\u0105zanie, gdy liczy si\u0119 ka\u017cda godzina.<\/span>[\/vc_column_text]<div class=\"clearboth\"><\/div><style>#thegem-divider-69f2a1d0b021a {margin-top: 120px !important;}<\/style><div id=\"thegem-divider-69f2a1d0b021a\" class=\"gem-divider  divider-hidden\" style=\"\" ><\/div>[\/vc_column_inner][vc_column_inner width=&#8221;1\/3&#8243;]<div class=\"clearboth\"><\/div><style>#thegem-divider-69f2a1d0b0222 {margin-top: 55px !important;}<\/style><div id=\"thegem-divider-69f2a1d0b0222\" class=\"gem-divider  \" style=\"\" ><\/div>[vc_column_text css=&#8221;.vc_custom_1770904516255{margin-bottom: 15px !important;}&#8221; css_animation=&#8221;fadeIn&#8221; el_class=&#8221;dline-2-2&#8243;]<\/p>\n<div class=\"title-h6\"><span style=\"color: #a3e7f0;\">Personalizacja<\/span><\/div>\n<p>[\/vc_column_text][vc_separator color=&#8221;custom&#8221; align=&#8221;align_left&#8221; el_width=&#8221;30&#8243; css=&#8221;.vc_custom_1547799572368{padding-top: 13px !important;}&#8221; accent_color=&#8221;#a3e7f0&#8243;]<div class=\"clearboth\"><\/div><style>#thegem-divider-69f2a1d0b0228 {margin-top: 20px !important;}<\/style><div id=\"thegem-divider-69f2a1d0b0228\" class=\"gem-divider  \" style=\"\" ><\/div>[vc_column_text css=&#8221;.vc_custom_1753988954526{padding-right: 15px !important;}&#8221; css_animation=&#8221;bottom-to-top&#8221;]<span style=\"color: #bcc6cd;\">Ka\u017cdy wydruk mo\u017ce zawiera\u0107 inne dane \u2013 np. imiona, numery czy indywidualne tre\u015bci. To \u015bwietna opcja dla zaprosze\u0144, kart lojalno\u015bciowych, dyplom\u00f3w czy materia\u0142\u00f3w marketingowych z indywidualnym podej\u015bciem.<\/span>[\/vc_column_text]<div class=\"clearboth\"><\/div><style>#thegem-divider-69f2a1d0b022f {margin-top: 120px !important;}<\/style><div id=\"thegem-divider-69f2a1d0b022f\" class=\"gem-divider  divider-hidden\" style=\"\" ><\/div>[\/vc_column_inner][vc_column_inner width=&#8221;1\/3&#8243;]<div class=\"clearboth\"><\/div><style>#thegem-divider-69f2a1d0b0239 {margin-top: 55px !important;}<\/style><div id=\"thegem-divider-69f2a1d0b0239\" class=\"gem-divider  \" style=\"\" ><\/div>[vc_column_text css=&#8221;.vc_custom_1770904526334{margin-bottom: 15px !important;}&#8221; css_animation=&#8221;fadeIn&#8221; el_class=&#8221;dline-2-3&#8243;]<\/p>\n<div class=\"title-h6\"><span style=\"color: #b7d4da;\">Brak minimalnego nak\u0142adu<\/span><\/div>\n<p>[\/vc_column_text][vc_separator color=&#8221;custom&#8221; align=&#8221;align_left&#8221; el_width=&#8221;30&#8243; accent_color=&#8221;#b7d4da&#8221;]<div class=\"clearboth\"><\/div><style>#thegem-divider-69f2a1d0b0240 {margin-top: 20px !important;}<\/style><div id=\"thegem-divider-69f2a1d0b0240\" class=\"gem-divider  \" style=\"\" ><\/div>[vc_column_text css=&#8221;.vc_custom_1753989013748{padding-right: 15px !important;}&#8221; css_animation=&#8221;bottom-to-top&#8221;]<span style=\"color: #bcc6cd;\">Mo\u017cesz zam\u00f3wi\u0107 nawet jeden egzemplarz, bez obawy o wysokie koszty jednostkowe. To op\u0142acalne rozwi\u0105zanie dla kr\u00f3tkich serii, test\u00f3w lub wydruk\u00f3w pr\u00f3bnych.<\/span>[\/vc_column_text]<div class=\"clearboth\"><\/div><style>#thegem-divider-69f2a1d0b024c {margin-top: 120px !important;}<\/style><div id=\"thegem-divider-69f2a1d0b024c\" class=\"gem-divider  divider-hidden\" style=\"\" ><\/div>[\/vc_column_inner][\/vc_row_inner]<\/div><\/div><\/div>[\/vc_column][\/vc_row]<\/p>\n<\/div>","protected":false},"excerpt":{"rendered":"<p>[vc_row full_width=&#8221;stretch_row&#8221; css=&#8221;.vc_custom_1553525482156{margin-bottom: 0px !important;background-image: url(http:\/\/mdprojs.cluster030.hosting.ovh.net\/wp-content\/uploads\/2019\/01\/4.png?id=257) !important;background-position: center !important;background-repeat: no-repeat !important;background-size: cover !important;}&#8221;][vc_column css=&#8221;.vc_custom_1547571093904{margin-bottom: 0px !important;}&#8221;][vc_column_text css=&#8221;&#8221;] Druk cyfrowy \u2013&#8230;<\/p>\n","protected":false},"author":1,"featured_media":0,"parent":1219,"menu_order":0,"comment_status":"closed","ping_status":"closed","template":"","meta":{"footnotes":""},"class_list":["post-522","page","type-page","status-publish"],"yoast_head":"<!-- This site is optimized with the Yoast SEO plugin v27.0 - https:\/\/yoast.com\/product\/yoast-seo-wordpress\/ -->\n<title>Druk cyfrowy Miko\u0142\u00f3w \u2013 Szybko i profesjonalnie | MD-Projekt<\/title>\n<meta name=\"description\" content=\"Druk cyfrowy Miko\u0142\u00f3w w MD-Projekt. Szybka realizacja wizyt\u00f3wek i ulotek w ma\u0142ych nak\u0142adach. Postaw na jako\u015b\u0107 i ekspresowy termin. Sprawd\u017a!\" \/>\n<meta name=\"robots\" content=\"index, follow, max-snippet:-1, max-image-preview:large, max-video-preview:-1\" \/>\n<link rel=\"canonical\" href=\"https:\/\/mdprojekt.eu\/index.php\/co-oferujemy\/druk-cyfrowy\/\" \/>\n<meta property=\"og:locale\" content=\"pl_PL\" \/>\n<meta property=\"og:type\" content=\"article\" \/>\n<meta property=\"og:title\" content=\"Druk cyfrowy Miko\u0142\u00f3w \u2013 Szybko i profesjonalnie | MD-Projekt\" \/>\n<meta property=\"og:description\" content=\"Druk cyfrowy Miko\u0142\u00f3w w MD-Projekt. Szybka realizacja wizyt\u00f3wek i ulotek w ma\u0142ych nak\u0142adach. Postaw na jako\u015b\u0107 i ekspresowy termin. Sprawd\u017a!\" \/>\n<meta property=\"og:url\" content=\"https:\/\/mdprojekt.eu\/index.php\/co-oferujemy\/druk-cyfrowy\/\" \/>\n<meta property=\"og:site_name\" content=\"MD-PROJEKT\" \/>\n<meta property=\"article:modified_time\" content=\"2026-02-12T14:00:20+00:00\" \/>\n<meta name=\"twitter:card\" content=\"summary_large_image\" \/>\n<meta name=\"twitter:label1\" content=\"Szacowany czas czytania\" \/>\n\t<meta name=\"twitter:data1\" content=\"2 minuty\" \/>\n<script type=\"application\/ld+json\" class=\"yoast-schema-graph\">{\"@context\":\"https:\/\/schema.org\",\"@graph\":[{\"@type\":\"WebPage\",\"@id\":\"https:\/\/mdprojekt.eu\/index.php\/co-oferujemy\/druk-cyfrowy\/\",\"url\":\"https:\/\/mdprojekt.eu\/index.php\/co-oferujemy\/druk-cyfrowy\/\",\"name\":\"Druk cyfrowy Miko\u0142\u00f3w \u2013 Szybko i profesjonalnie | MD-Projekt\",\"isPartOf\":{\"@id\":\"https:\/\/mdprojekt.eu\/#website\"},\"datePublished\":\"2019-01-17T15:11:03+00:00\",\"dateModified\":\"2026-02-12T14:00:20+00:00\",\"description\":\"Druk cyfrowy Miko\u0142\u00f3w w MD-Projekt. Szybka realizacja wizyt\u00f3wek i ulotek w ma\u0142ych nak\u0142adach. Postaw na jako\u015b\u0107 i ekspresowy termin. Sprawd\u017a!\",\"breadcrumb\":{\"@id\":\"https:\/\/mdprojekt.eu\/index.php\/co-oferujemy\/druk-cyfrowy\/#breadcrumb\"},\"inLanguage\":\"pl-PL\",\"potentialAction\":[{\"@type\":\"ReadAction\",\"target\":[\"https:\/\/mdprojekt.eu\/index.php\/co-oferujemy\/druk-cyfrowy\/\"]}]},{\"@type\":\"BreadcrumbList\",\"@id\":\"https:\/\/mdprojekt.eu\/index.php\/co-oferujemy\/druk-cyfrowy\/#breadcrumb\",\"itemListElement\":[{\"@type\":\"ListItem\",\"position\":1,\"name\":\"Strona g\u0142\u00f3wna\",\"item\":\"https:\/\/mdprojekt.eu\/\"},{\"@type\":\"ListItem\",\"position\":2,\"name\":\"CO OFERUJEMY\",\"item\":\"https:\/\/mdprojekt.eu\/index.php\/co-oferujemy\/\"},{\"@type\":\"ListItem\",\"position\":3,\"name\":\"Druk cyfrowy\"}]},{\"@type\":\"WebSite\",\"@id\":\"https:\/\/mdprojekt.eu\/#website\",\"url\":\"https:\/\/mdprojekt.eu\/\",\"name\":\"MD-PROJEKT\",\"description\":\"\",\"publisher\":{\"@id\":\"https:\/\/mdprojekt.eu\/#organization\"},\"potentialAction\":[{\"@type\":\"SearchAction\",\"target\":{\"@type\":\"EntryPoint\",\"urlTemplate\":\"https:\/\/mdprojekt.eu\/?s={search_term_string}\"},\"query-input\":{\"@type\":\"PropertyValueSpecification\",\"valueRequired\":true,\"valueName\":\"search_term_string\"}}],\"inLanguage\":\"pl-PL\"},{\"@type\":\"Organization\",\"@id\":\"https:\/\/mdprojekt.eu\/#organization\",\"name\":\"MD-PROJEKT\",\"url\":\"https:\/\/mdprojekt.eu\/\",\"logo\":{\"@type\":\"ImageObject\",\"inLanguage\":\"pl-PL\",\"@id\":\"https:\/\/mdprojekt.eu\/#\/schema\/logo\/image\/\",\"url\":\"https:\/\/mdprojekt.eu\/wp-content\/uploads\/2025\/08\/cropped-md-logo-1.png\",\"contentUrl\":\"https:\/\/mdprojekt.eu\/wp-content\/uploads\/2025\/08\/cropped-md-logo-1.png\",\"width\":512,\"height\":512,\"caption\":\"MD-PROJEKT\"},\"image\":{\"@id\":\"https:\/\/mdprojekt.eu\/#\/schema\/logo\/image\/\"}}]}<\/script>\n<!-- \/ Yoast SEO plugin. -->","yoast_head_json":{"title":"Druk cyfrowy Miko\u0142\u00f3w \u2013 Szybko i profesjonalnie | MD-Projekt","description":"Druk cyfrowy Miko\u0142\u00f3w w MD-Projekt. Szybka realizacja wizyt\u00f3wek i ulotek w ma\u0142ych nak\u0142adach. Postaw na jako\u015b\u0107 i ekspresowy termin. Sprawd\u017a!","robots":{"index":"index","follow":"follow","max-snippet":"max-snippet:-1","max-image-preview":"max-image-preview:large","max-video-preview":"max-video-preview:-1"},"canonical":"https:\/\/mdprojekt.eu\/index.php\/co-oferujemy\/druk-cyfrowy\/","og_locale":"pl_PL","og_type":"article","og_title":"Druk cyfrowy Miko\u0142\u00f3w \u2013 Szybko i profesjonalnie | MD-Projekt","og_description":"Druk cyfrowy Miko\u0142\u00f3w w MD-Projekt. Szybka realizacja wizyt\u00f3wek i ulotek w ma\u0142ych nak\u0142adach. Postaw na jako\u015b\u0107 i ekspresowy termin. Sprawd\u017a!","og_url":"https:\/\/mdprojekt.eu\/index.php\/co-oferujemy\/druk-cyfrowy\/","og_site_name":"MD-PROJEKT","article_modified_time":"2026-02-12T14:00:20+00:00","twitter_card":"summary_large_image","twitter_misc":{"Szacowany czas czytania":"2 minuty"},"schema":{"@context":"https:\/\/schema.org","@graph":[{"@type":"WebPage","@id":"https:\/\/mdprojekt.eu\/index.php\/co-oferujemy\/druk-cyfrowy\/","url":"https:\/\/mdprojekt.eu\/index.php\/co-oferujemy\/druk-cyfrowy\/","name":"Druk cyfrowy Miko\u0142\u00f3w \u2013 Szybko i profesjonalnie | MD-Projekt","isPartOf":{"@id":"https:\/\/mdprojekt.eu\/#website"},"datePublished":"2019-01-17T15:11:03+00:00","dateModified":"2026-02-12T14:00:20+00:00","description":"Druk cyfrowy Miko\u0142\u00f3w w MD-Projekt. Szybka realizacja wizyt\u00f3wek i ulotek w ma\u0142ych nak\u0142adach. Postaw na jako\u015b\u0107 i ekspresowy termin. Sprawd\u017a!","breadcrumb":{"@id":"https:\/\/mdprojekt.eu\/index.php\/co-oferujemy\/druk-cyfrowy\/#breadcrumb"},"inLanguage":"pl-PL","potentialAction":[{"@type":"ReadAction","target":["https:\/\/mdprojekt.eu\/index.php\/co-oferujemy\/druk-cyfrowy\/"]}]},{"@type":"BreadcrumbList","@id":"https:\/\/mdprojekt.eu\/index.php\/co-oferujemy\/druk-cyfrowy\/#breadcrumb","itemListElement":[{"@type":"ListItem","position":1,"name":"Strona g\u0142\u00f3wna","item":"https:\/\/mdprojekt.eu\/"},{"@type":"ListItem","position":2,"name":"CO OFERUJEMY","item":"https:\/\/mdprojekt.eu\/index.php\/co-oferujemy\/"},{"@type":"ListItem","position":3,"name":"Druk cyfrowy"}]},{"@type":"WebSite","@id":"https:\/\/mdprojekt.eu\/#website","url":"https:\/\/mdprojekt.eu\/","name":"MD-PROJEKT","description":"","publisher":{"@id":"https:\/\/mdprojekt.eu\/#organization"},"potentialAction":[{"@type":"SearchAction","target":{"@type":"EntryPoint","urlTemplate":"https:\/\/mdprojekt.eu\/?s={search_term_string}"},"query-input":{"@type":"PropertyValueSpecification","valueRequired":true,"valueName":"search_term_string"}}],"inLanguage":"pl-PL"},{"@type":"Organization","@id":"https:\/\/mdprojekt.eu\/#organization","name":"MD-PROJEKT","url":"https:\/\/mdprojekt.eu\/","logo":{"@type":"ImageObject","inLanguage":"pl-PL","@id":"https:\/\/mdprojekt.eu\/#\/schema\/logo\/image\/","url":"https:\/\/mdprojekt.eu\/wp-content\/uploads\/2025\/08\/cropped-md-logo-1.png","contentUrl":"https:\/\/mdprojekt.eu\/wp-content\/uploads\/2025\/08\/cropped-md-logo-1.png","width":512,"height":512,"caption":"MD-PROJEKT"},"image":{"@id":"https:\/\/mdprojekt.eu\/#\/schema\/logo\/image\/"}}]}},"_links":{"self":[{"href":"https:\/\/mdprojekt.eu\/index.php\/wp-json\/wp\/v2\/pages\/522","targetHints":{"allow":["GET"]}}],"collection":[{"href":"https:\/\/mdprojekt.eu\/index.php\/wp-json\/wp\/v2\/pages"}],"about":[{"href":"https:\/\/mdprojekt.eu\/index.php\/wp-json\/wp\/v2\/types\/page"}],"author":[{"embeddable":true,"href":"https:\/\/mdprojekt.eu\/index.php\/wp-json\/wp\/v2\/users\/1"}],"replies":[{"embeddable":true,"href":"https:\/\/mdprojekt.eu\/index.php\/wp-json\/wp\/v2\/comments?post=522"}],"version-history":[{"count":30,"href":"https:\/\/mdprojekt.eu\/index.php\/wp-json\/wp\/v2\/pages\/522\/revisions"}],"predecessor-version":[{"id":2073,"href":"https:\/\/mdprojekt.eu\/index.php\/wp-json\/wp\/v2\/pages\/522\/revisions\/2073"}],"up":[{"embeddable":true,"href":"https:\/\/mdprojekt.eu\/index.php\/wp-json\/wp\/v2\/pages\/1219"}],"wp:attachment":[{"href":"https:\/\/mdprojekt.eu\/index.php\/wp-json\/wp\/v2\/media?parent=522"}],"curies":[{"name":"wp","href":"https:\/\/api.w.org\/{rel}","templated":true}]}}