{"id":1690,"date":"2025-08-01T10:05:29","date_gmt":"2025-08-01T08:05:29","guid":{"rendered":"https:\/\/mdprojekt.eu\/?page_id=1690"},"modified":"2026-02-12T15:22:43","modified_gmt":"2026-02-12T14:22:43","slug":"druk-etykiet","status":"publish","type":"page","link":"https:\/\/mdprojekt.eu\/index.php\/co-oferujemy\/druk-etykiet\/","title":{"rendered":"Druk etykiet"},"content":{"rendered":"<div class=\"wpb-content-wrapper\"><p>[vc_row][vc_column][vc_column_text css=&#8221;.vc_custom_1770905595447{margin-top: 100px !important;}&#8221;]<\/p>\n<h1>Druk etykiet Miko\u0142\u00f3w \u2013 Twoja marka na pierwszym planie<\/h1>\n<p>[\/vc_column_text][\/vc_column][\/vc_row][vc_row full_width=&#8221;stretch_row&#8221; css=&#8221;.vc_custom_1553596858379{margin-bottom: 0px !important;background-image: url(http:\/\/mdprojs.cluster030.hosting.ovh.net\/wp-content\/uploads\/2019\/01\/4.png?id=257) !important;background-position: center !important;background-repeat: no-repeat !important;background-size: cover !important;}&#8221;][vc_column width=&#8221;1\/2&#8243;][vc_separator color=&#8221;custom&#8221; align=&#8221;align_left&#8221; el_width=&#8221;20&#8243; css=&#8221;.vc_custom_1553532774199{padding-top: 5px !important;padding-bottom: 0px !important;}&#8221; accent_color=&#8221;#88bec9&#8243;]<div class=\"clearboth\"><\/div><style>#thegem-divider-69f2a0ebed856 {margin-top: 80px !important;}<\/style><div id=\"thegem-divider-69f2a0ebed856\" class=\"gem-divider  divider-hidden\" style=\"\" ><\/div>[vc_column_text css=&#8221;.vc_custom_1754035694377{margin-bottom: 28px !important;}&#8221;]<\/p>\n<h2 class=\"styled-subtitle\"><strong>Ma\u0142y format, wielka rola<\/strong><\/h2>\n<p>[\/vc_column_text][vc_column_text css=&#8221;&#8221;]<\/p>\n<p data-start=\"277\" data-end=\"554\">Etykieta to pierwszy punkt styku klienta z Twoim produktem i kluczowa szansa na zrobienie doskona\u0142ego pierwszego wra\u017cenia. Profesjonalny <b data-path-to-node=\"4\" data-index-in-node=\"137\">druk etykiet Miko\u0142\u00f3w<\/b> w MD-Projekt to gwarancja, \u017ce Twoje opakowanie b\u0119dzie wyr\u00f3\u017cnia\u0107 si\u0119 na p\u00f3\u0142ce sklepowej. Oferujemy wysokiej jako\u015bci etykiety samoprzylepne, idealnie dostosowane do wymaga\u0144 r\u00f3\u017cnych bran\u017c: od spo\u017cywczej i kosmetycznej, po bran\u017c\u0119 alkoholow\u0105, chemiczn\u0105 oraz logistyczn\u0105.<\/p>\n<p>[\/vc_column_text][\/vc_column][vc_column width=&#8221;1\/2&#8243;][vc_single_image image=&#8221;1907&#8243; img_size=&#8221;large&#8221; css=&#8221;.vc_custom_1757327009958{margin-top: px !important;padding-left: 30px !important;}&#8221; css_animation=&#8221;none&#8221;][\/vc_column][vc_column css=&#8221;.vc_custom_1547571093904{margin-bottom: 0px !important;}&#8221;][vc_row_inner][vc_column_inner width=&#8221;1\/2&#8243;]<div class=\"clearboth\"><\/div><style>#thegem-divider-69f2a0ebed872 {margin-top: 80px !important;}<\/style><div id=\"thegem-divider-69f2a0ebed872\" class=\"gem-divider  divider-hidden\" style=\"\" ><\/div>[vc_single_image image=&#8221;1685&#8243; img_size=&#8221;large&#8221; css=&#8221;.vc_custom_1770906083798{margin-top: 50px !important;}&#8221;]<div class=\"clearboth\"><\/div><style>#thegem-divider-69f2a0ebed87e {margin-top: 150px !important;}<\/style><div id=\"thegem-divider-69f2a0ebed87e\" class=\"gem-divider  divider-hidden\" style=\"\" ><\/div>[\/vc_column_inner][vc_column_inner width=&#8221;1\/2&#8243;]<div class=\"clearboth\"><\/div><style>#thegem-divider-69f2a0ebed887 {margin-top: 10px !important;}<\/style><div id=\"thegem-divider-69f2a0ebed887\" class=\"gem-divider  divider-hidden\" style=\"\" ><\/div>[vc_column_text css=&#8221;.vc_custom_1770906058778{padding-top: 30px !important;}&#8221; css_animation=&#8221;bounceInRight&#8221;]<\/p>\n<h2>Etykieta, kt\u00f3ra pracuje za Ciebie<\/h2>\n<p>[\/vc_column_text][vc_separator color=&#8221;custom&#8221; align=&#8221;align_left&#8221; el_width=&#8221;20&#8243; css=&#8221;.vc_custom_1547615270912{padding-top: 5px !important;padding-bottom: 15px !important;}&#8221; accent_color=&#8221;#88bec9&#8243;][vc_column_text css=&#8221;.vc_custom_1770905880609{margin-bottom: 55px !important;}&#8221;]<\/p>\n<p data-start=\"246\" data-end=\"586\">Dobrze zaprojektowana i precyzyjnie wykonana etykieta to nie tylko no\u015bnik informacji \u2013 to narz\u0119dzie, kt\u00f3re wzmacnia identyfikacj\u0119 marki i przyci\u0105ga wzrok konsumenta. Nasz <b data-path-to-node=\"6\" data-index-in-node=\"171\">druk etykiet Miko\u0142\u00f3w<\/b> pozwala na tworzenie realizacji zar\u00f3wno minimalistycznych i eleganckich, jak i bogatych w kolory oraz efekty specjalne. Dzi\u0119ki nowoczesnemu parkowi maszynowemu zapewniamy trwa\u0142o\u015b\u0107 wydruk\u00f3w nawet w trudnych warunkach przechowywania.<\/p>\n<p>[\/vc_column_text]<style type=\"text\/css\">.thegem-button-69f2a0ebed9177334.lazy-loading-before-start-animation .lazy-loading-item {opacity: 0;} body.thegem-effects-disabled .thegem-button-69f2a0ebed9177334.lazy-loading-before-start-animation .lazy-loading-item {opacity: 1;}<\/style><style type=\"text\/css\">.thegem-button-69f2a0ebed9177334 .gem-button svg {fill: #00bcd4;}.thegem-button-69f2a0ebed9177334 .gem-button:hover svg {fill: #ffffff;}<\/style><div class=\"gem-button-container gem-button-position-left thegem-button-69f2a0ebed9177334     lazy-loading lazy-loading-before-start-animation\"  ><a title=\"Portfolio\" class=\"gem-button gem-button-size-large gem-button-style-outline gem-button-text-weight-normal gem-button-border-3 lazy-loading-item\" data-ll-effect=\"drop-right-without-wrap\" style=\"border-radius: 40px;border-color: #00bcd4;color: #00bcd4;\" onmouseleave=\"this.style.borderColor='#00bcd4';this.style.color='#00bcd4';\" onmouseenter=\"this.style.color='#ffffff';\" href=\"https:\/\/mdprojekt.eu\/index.php\/portfolio\/portfolio-grid\/\" target=\"_self\">NASZE PORTFOLIO<\/a><\/div> [\/vc_column_inner][\/vc_row_inner][\/vc_column][\/vc_row][vc_row full_width=&#8221;stretch_row&#8221; css=&#8221;.vc_custom_1754295620354{margin-top: -1px !important;margin-bottom: 0px !important;padding-bottom: 0px !important;background-image: url(https:\/\/mdprojekt.eu\/wp-content\/uploads\/2019\/01\/7-1.jpg?id=388) !important;background-position: center !important;background-repeat: no-repeat !important;background-size: cover !important;}&#8221;][vc_column]<div class=\"clearboth\"><\/div><style>#thegem-divider-69f2a0ebed940 {margin-top: 40px !important;}<\/style><div id=\"thegem-divider-69f2a0ebed940\" class=\"gem-divider  divider-hidden\" style=\"\" ><\/div>[vc_column_text css=&#8221;.vc_custom_1754032057882{padding-top: 20px !important;}&#8221; css_animation=&#8221;fadeInUp&#8221; el_class=&#8221;dline-1&#8243;]<\/p>\n<div class=\"title-h1\" style=\"text-align: center;\"><span style=\"color: #ffffff;\">Co mo\u017cemy dla Ciebie wydrukowa\u0107?<\/span><\/div>\n<p>[\/vc_column_text][vc_separator color=&#8221;custom&#8221; el_width=&#8221;10&#8243; accent_color=&#8221;#88bec9&#8243;]<div class=\"clearboth\"><\/div><style>#thegem-divider-69f2a0ebed94b {margin-top: 70px !important;}<\/style><div id=\"thegem-divider-69f2a0ebed94b\" class=\"gem-divider  divider-hidden\" style=\"\" ><\/div>[vc_row_inner][vc_column_inner width=&#8221;1\/2&#8243;][vc_single_image image=&#8221;1685&#8243; img_size=&#8221;large&#8221; css=&#8221;.vc_custom_1770906118870{margin-top: 15px !important;}&#8221;][\/vc_column_inner][vc_column_inner width=&#8221;1\/2&#8243; css=&#8221;.vc_custom_1754032151481{padding-top: 40px !important;}&#8221;]<div class=\"clearboth\"><\/div><style>#thegem-divider-69f2a0ebed952 {margin-top: 57px !important;}<\/style><div id=\"thegem-divider-69f2a0ebed952\" class=\"gem-divider  \" style=\"\" ><\/div><div class=\"gem-list lazy-loading gem-list-type-square gem-list-color-3\" ><ul>\n<li data-start=\"768\" data-end=\"847\"><span style=\"color: #ffffff;\"><strong data-start=\"768\" data-end=\"791\">Etykiety produktowe<\/strong> \u2013 dla kosmetyk\u00f3w, \u017cywno\u015bci, butelek, s\u0142oik\u00f3w, opakowa\u0144.<\/span><\/li>\n<li data-start=\"850\" data-end=\"934\"><span style=\"color: #ffffff;\"><strong data-start=\"850\" data-end=\"889\">Etykiety logistyczne i informacyjne<\/strong> \u2013 z kodami kreskowymi, numeracj\u0105, QR-kodami.<\/span><\/li>\n<li data-start=\"937\" data-end=\"1031\"><span style=\"color: #ffffff;\"><strong data-start=\"937\" data-end=\"974\">Etykiety dekoracyjne i promocyjne<\/strong> \u2013 np. limitowane serie, sezonowe naklejki na opakowania.<\/span><\/li>\n<li data-start=\"1034\" data-end=\"1113\"><span style=\"color: #ffffff;\"><strong data-start=\"1034\" data-end=\"1062\">Etykiety personalizowane<\/strong> \u2013 idealne na \u015bluby, eventy, prezenty i r\u0119kodzie\u0142o.<\/span><\/li>\n<\/ul>\n<\/div>[vc_column_text css=&#8221;&#8221;]<\/p>\n<p style=\"text-align: center;\"><a href=\"https:\/\/mdprojekt.eu\/index.php\/portfolio\/cennik\/\"><span style=\"color: #ffffff;\">Sprawd\u017a!<\/span><\/a><\/p>\n<p>[\/vc_column_text]<div class=\"clearboth\"><\/div><style>#thegem-divider-69f2a0ebed9a6 {margin-top: 57px !important;}<\/style><div id=\"thegem-divider-69f2a0ebed9a6\" class=\"gem-divider  \" style=\"\" ><\/div>[\/vc_column_inner][\/vc_row_inner]<div class=\"clearboth\"><\/div><style>#thegem-divider-69f2a0ebed9b0 {margin-top: 70px !important;}<\/style><div id=\"thegem-divider-69f2a0ebed9b0\" class=\"gem-divider  divider-hidden\" style=\"\" ><\/div><div class=\"clearboth\"><\/div><style>#thegem-divider-69f2a0ebed9b6 {margin-top: 20px !important;}<\/style><div id=\"thegem-divider-69f2a0ebed9b6\" class=\"gem-divider  \" style=\"\" ><\/div>[\/vc_column][\/vc_row]<\/p>\n<\/div>","protected":false},"excerpt":{"rendered":"<p>[vc_row][vc_column][vc_column_text css=&#8221;.vc_custom_1770905595447{margin-top: 100px !important;}&#8221;] Druk etykiet Miko\u0142\u00f3w \u2013 Twoja marka na pierwszym planie [\/vc_column_text][\/vc_column][\/vc_row][vc_row full_width=&#8221;stretch_row&#8221; css=&#8221;.vc_custom_1553596858379{margin-bottom: 0px !important;background-image: url(http:\/\/mdprojs.cluster030.hosting.ovh.net\/wp-content\/uploads\/2019\/01\/4.png?id=257) !important;background-position:&#8230;<\/p>\n","protected":false},"author":1,"featured_media":0,"parent":1219,"menu_order":0,"comment_status":"closed","ping_status":"closed","template":"","meta":{"footnotes":""},"class_list":["post-1690","page","type-page","status-publish"],"yoast_head":"<!-- This site is optimized with the Yoast SEO plugin v27.0 - https:\/\/yoast.com\/product\/yoast-seo-wordpress\/ -->\n<title>Druk etykiet Miko\u0142\u00f3w | MD-Projekt<\/title>\n<meta name=\"description\" content=\"Druk etykiet Miko\u0142\u00f3w w MD-Projekt. Wytrzyma\u0142e etykiety samoprzylepne na roli i arkuszu. Najwy\u017csza jako\u015b\u0107 dla Twoich produkt\u00f3w. Zam\u00f3w teraz!\" \/>\n<meta name=\"robots\" content=\"index, follow, max-snippet:-1, max-image-preview:large, max-video-preview:-1\" \/>\n<link rel=\"canonical\" href=\"https:\/\/mdprojekt.eu\/index.php\/co-oferujemy\/druk-etykiet\/\" \/>\n<meta property=\"og:locale\" content=\"pl_PL\" \/>\n<meta property=\"og:type\" content=\"article\" \/>\n<meta property=\"og:title\" content=\"Druk etykiet Miko\u0142\u00f3w | MD-Projekt\" \/>\n<meta property=\"og:description\" content=\"Druk etykiet Miko\u0142\u00f3w w MD-Projekt. Wytrzyma\u0142e etykiety samoprzylepne na roli i arkuszu. Najwy\u017csza jako\u015b\u0107 dla Twoich produkt\u00f3w. Zam\u00f3w teraz!\" \/>\n<meta property=\"og:url\" content=\"https:\/\/mdprojekt.eu\/index.php\/co-oferujemy\/druk-etykiet\/\" \/>\n<meta property=\"og:site_name\" content=\"MD-PROJEKT\" \/>\n<meta property=\"article:modified_time\" content=\"2026-02-12T14:22:43+00:00\" \/>\n<meta name=\"twitter:card\" content=\"summary_large_image\" \/>\n<meta name=\"twitter:label1\" content=\"Szacowany czas czytania\" \/>\n\t<meta name=\"twitter:data1\" content=\"2 minuty\" \/>\n<script type=\"application\/ld+json\" class=\"yoast-schema-graph\">{\"@context\":\"https:\/\/schema.org\",\"@graph\":[{\"@type\":\"WebPage\",\"@id\":\"https:\/\/mdprojekt.eu\/index.php\/co-oferujemy\/druk-etykiet\/\",\"url\":\"https:\/\/mdprojekt.eu\/index.php\/co-oferujemy\/druk-etykiet\/\",\"name\":\"Druk etykiet Miko\u0142\u00f3w | MD-Projekt\",\"isPartOf\":{\"@id\":\"https:\/\/mdprojekt.eu\/#website\"},\"datePublished\":\"2025-08-01T08:05:29+00:00\",\"dateModified\":\"2026-02-12T14:22:43+00:00\",\"description\":\"Druk etykiet Miko\u0142\u00f3w w MD-Projekt. Wytrzyma\u0142e etykiety samoprzylepne na roli i arkuszu. Najwy\u017csza jako\u015b\u0107 dla Twoich produkt\u00f3w. Zam\u00f3w teraz!\",\"breadcrumb\":{\"@id\":\"https:\/\/mdprojekt.eu\/index.php\/co-oferujemy\/druk-etykiet\/#breadcrumb\"},\"inLanguage\":\"pl-PL\",\"potentialAction\":[{\"@type\":\"ReadAction\",\"target\":[\"https:\/\/mdprojekt.eu\/index.php\/co-oferujemy\/druk-etykiet\/\"]}]},{\"@type\":\"BreadcrumbList\",\"@id\":\"https:\/\/mdprojekt.eu\/index.php\/co-oferujemy\/druk-etykiet\/#breadcrumb\",\"itemListElement\":[{\"@type\":\"ListItem\",\"position\":1,\"name\":\"Strona g\u0142\u00f3wna\",\"item\":\"https:\/\/mdprojekt.eu\/\"},{\"@type\":\"ListItem\",\"position\":2,\"name\":\"CO OFERUJEMY\",\"item\":\"https:\/\/mdprojekt.eu\/index.php\/co-oferujemy\/\"},{\"@type\":\"ListItem\",\"position\":3,\"name\":\"Druk etykiet\"}]},{\"@type\":\"WebSite\",\"@id\":\"https:\/\/mdprojekt.eu\/#website\",\"url\":\"https:\/\/mdprojekt.eu\/\",\"name\":\"MD-PROJEKT\",\"description\":\"\",\"publisher\":{\"@id\":\"https:\/\/mdprojekt.eu\/#organization\"},\"potentialAction\":[{\"@type\":\"SearchAction\",\"target\":{\"@type\":\"EntryPoint\",\"urlTemplate\":\"https:\/\/mdprojekt.eu\/?s={search_term_string}\"},\"query-input\":{\"@type\":\"PropertyValueSpecification\",\"valueRequired\":true,\"valueName\":\"search_term_string\"}}],\"inLanguage\":\"pl-PL\"},{\"@type\":\"Organization\",\"@id\":\"https:\/\/mdprojekt.eu\/#organization\",\"name\":\"MD-PROJEKT\",\"url\":\"https:\/\/mdprojekt.eu\/\",\"logo\":{\"@type\":\"ImageObject\",\"inLanguage\":\"pl-PL\",\"@id\":\"https:\/\/mdprojekt.eu\/#\/schema\/logo\/image\/\",\"url\":\"https:\/\/mdprojekt.eu\/wp-content\/uploads\/2025\/08\/cropped-md-logo-1.png\",\"contentUrl\":\"https:\/\/mdprojekt.eu\/wp-content\/uploads\/2025\/08\/cropped-md-logo-1.png\",\"width\":512,\"height\":512,\"caption\":\"MD-PROJEKT\"},\"image\":{\"@id\":\"https:\/\/mdprojekt.eu\/#\/schema\/logo\/image\/\"}}]}<\/script>\n<!-- \/ Yoast SEO plugin. -->","yoast_head_json":{"title":"Druk etykiet Miko\u0142\u00f3w | MD-Projekt","description":"Druk etykiet Miko\u0142\u00f3w w MD-Projekt. Wytrzyma\u0142e etykiety samoprzylepne na roli i arkuszu. Najwy\u017csza jako\u015b\u0107 dla Twoich produkt\u00f3w. Zam\u00f3w teraz!","robots":{"index":"index","follow":"follow","max-snippet":"max-snippet:-1","max-image-preview":"max-image-preview:large","max-video-preview":"max-video-preview:-1"},"canonical":"https:\/\/mdprojekt.eu\/index.php\/co-oferujemy\/druk-etykiet\/","og_locale":"pl_PL","og_type":"article","og_title":"Druk etykiet Miko\u0142\u00f3w | MD-Projekt","og_description":"Druk etykiet Miko\u0142\u00f3w w MD-Projekt. Wytrzyma\u0142e etykiety samoprzylepne na roli i arkuszu. Najwy\u017csza jako\u015b\u0107 dla Twoich produkt\u00f3w. Zam\u00f3w teraz!","og_url":"https:\/\/mdprojekt.eu\/index.php\/co-oferujemy\/druk-etykiet\/","og_site_name":"MD-PROJEKT","article_modified_time":"2026-02-12T14:22:43+00:00","twitter_card":"summary_large_image","twitter_misc":{"Szacowany czas czytania":"2 minuty"},"schema":{"@context":"https:\/\/schema.org","@graph":[{"@type":"WebPage","@id":"https:\/\/mdprojekt.eu\/index.php\/co-oferujemy\/druk-etykiet\/","url":"https:\/\/mdprojekt.eu\/index.php\/co-oferujemy\/druk-etykiet\/","name":"Druk etykiet Miko\u0142\u00f3w | MD-Projekt","isPartOf":{"@id":"https:\/\/mdprojekt.eu\/#website"},"datePublished":"2025-08-01T08:05:29+00:00","dateModified":"2026-02-12T14:22:43+00:00","description":"Druk etykiet Miko\u0142\u00f3w w MD-Projekt. Wytrzyma\u0142e etykiety samoprzylepne na roli i arkuszu. Najwy\u017csza jako\u015b\u0107 dla Twoich produkt\u00f3w. Zam\u00f3w teraz!","breadcrumb":{"@id":"https:\/\/mdprojekt.eu\/index.php\/co-oferujemy\/druk-etykiet\/#breadcrumb"},"inLanguage":"pl-PL","potentialAction":[{"@type":"ReadAction","target":["https:\/\/mdprojekt.eu\/index.php\/co-oferujemy\/druk-etykiet\/"]}]},{"@type":"BreadcrumbList","@id":"https:\/\/mdprojekt.eu\/index.php\/co-oferujemy\/druk-etykiet\/#breadcrumb","itemListElement":[{"@type":"ListItem","position":1,"name":"Strona g\u0142\u00f3wna","item":"https:\/\/mdprojekt.eu\/"},{"@type":"ListItem","position":2,"name":"CO OFERUJEMY","item":"https:\/\/mdprojekt.eu\/index.php\/co-oferujemy\/"},{"@type":"ListItem","position":3,"name":"Druk etykiet"}]},{"@type":"WebSite","@id":"https:\/\/mdprojekt.eu\/#website","url":"https:\/\/mdprojekt.eu\/","name":"MD-PROJEKT","description":"","publisher":{"@id":"https:\/\/mdprojekt.eu\/#organization"},"potentialAction":[{"@type":"SearchAction","target":{"@type":"EntryPoint","urlTemplate":"https:\/\/mdprojekt.eu\/?s={search_term_string}"},"query-input":{"@type":"PropertyValueSpecification","valueRequired":true,"valueName":"search_term_string"}}],"inLanguage":"pl-PL"},{"@type":"Organization","@id":"https:\/\/mdprojekt.eu\/#organization","name":"MD-PROJEKT","url":"https:\/\/mdprojekt.eu\/","logo":{"@type":"ImageObject","inLanguage":"pl-PL","@id":"https:\/\/mdprojekt.eu\/#\/schema\/logo\/image\/","url":"https:\/\/mdprojekt.eu\/wp-content\/uploads\/2025\/08\/cropped-md-logo-1.png","contentUrl":"https:\/\/mdprojekt.eu\/wp-content\/uploads\/2025\/08\/cropped-md-logo-1.png","width":512,"height":512,"caption":"MD-PROJEKT"},"image":{"@id":"https:\/\/mdprojekt.eu\/#\/schema\/logo\/image\/"}}]}},"_links":{"self":[{"href":"https:\/\/mdprojekt.eu\/index.php\/wp-json\/wp\/v2\/pages\/1690","targetHints":{"allow":["GET"]}}],"collection":[{"href":"https:\/\/mdprojekt.eu\/index.php\/wp-json\/wp\/v2\/pages"}],"about":[{"href":"https:\/\/mdprojekt.eu\/index.php\/wp-json\/wp\/v2\/types\/page"}],"author":[{"embeddable":true,"href":"https:\/\/mdprojekt.eu\/index.php\/wp-json\/wp\/v2\/users\/1"}],"replies":[{"embeddable":true,"href":"https:\/\/mdprojekt.eu\/index.php\/wp-json\/wp\/v2\/comments?post=1690"}],"version-history":[{"count":30,"href":"https:\/\/mdprojekt.eu\/index.php\/wp-json\/wp\/v2\/pages\/1690\/revisions"}],"predecessor-version":[{"id":2096,"href":"https:\/\/mdprojekt.eu\/index.php\/wp-json\/wp\/v2\/pages\/1690\/revisions\/2096"}],"up":[{"embeddable":true,"href":"https:\/\/mdprojekt.eu\/index.php\/wp-json\/wp\/v2\/pages\/1219"}],"wp:attachment":[{"href":"https:\/\/mdprojekt.eu\/index.php\/wp-json\/wp\/v2\/media?parent=1690"}],"curies":[{"name":"wp","href":"https:\/\/api.w.org\/{rel}","templated":true}]}}