{"id":13,"date":"2019-01-11T17:13:31","date_gmt":"2019-01-11T17:13:31","guid":{"rendered":"http:\/\/democontent.codex-themes.com\/sites\/agency-digital\/?page_id=13"},"modified":"2026-02-12T14:36:16","modified_gmt":"2026-02-12T13:36:16","slug":"druk-offsetowy","status":"publish","type":"page","link":"https:\/\/mdprojekt.eu\/index.php\/co-oferujemy\/druk-offsetowy\/","title":{"rendered":"Druk offsetowy"},"content":{"rendered":"<div class=\"wpb-content-wrapper\"><p>[vc_row full_width=&#8221;stretch_row&#8221; disable_custom_paddings_mobile=&#8221;true&#8221; css=&#8221;.vc_custom_1553519198268{margin-bottom: 0px !important;padding-bottom: 80px !important;background-image: url(http:\/\/mdprojs.cluster030.hosting.ovh.net\/wp-content\/uploads\/2019\/01\/4.png?id=257) !important;background-position: center !important;background-repeat: no-repeat !important;background-size: cover !important;}&#8221;][vc_column css=&#8221;.vc_custom_1547571093904{margin-bottom: 0px !important;}&#8221;][vc_column_text css=&#8221;.vc_custom_1770903257511{margin-top: 100px !important;}&#8221;]<\/p>\n<h1>Druk offsetowy Miko\u0142\u00f3w \u2013 Twoje zam\u00f3wienia w MD-Projekt<\/h1>\n<p>[\/vc_column_text][vc_row_inner][vc_column_inner width=&#8221;1\/2&#8243;]<div class=\"clearboth\"><\/div><style>#thegem-divider-69f2a0b6e35fa {margin-top: 20px !important;}<\/style><div id=\"thegem-divider-69f2a0b6e35fa\" class=\"gem-divider  \" style=\"\" ><\/div>[vc_single_image image=&#8221;1673&#8243; img_size=&#8221;large&#8221; css=&#8221;.vc_custom_1753989846761{padding-top: 30px !important;}&#8221;]<div class=\"clearboth\"><\/div><style>#thegem-divider-69f2a0b6e3623 {margin-top: 60px !important;}<\/style><div id=\"thegem-divider-69f2a0b6e3623\" class=\"gem-divider  \" style=\"\" ><\/div>[\/vc_column_inner][vc_column_inner width=&#8221;1\/2&#8243;]<div class=\"clearboth\"><\/div><style>#thegem-divider-69f2a0b6e363c {margin-top: 100px !important;}<\/style><div id=\"thegem-divider-69f2a0b6e363c\" class=\"gem-divider  divider-hidden\" style=\"\" ><\/div>[vc_separator color=&#8221;custom&#8221; align=&#8221;align_left&#8221; el_width=&#8221;20&#8243; css=&#8221;.vc_custom_1547615270912{padding-top: 5px !important;padding-bottom: 15px !important;}&#8221; accent_color=&#8221;#88bec9&#8243;][vc_column_text css=&#8221;&#8221;]Profesjonalny <b data-path-to-node=\"7,0\" data-index-in-node=\"14\">druk offsetowy<\/b>\u00a0to jedna z najpopularniejszych us\u0142ug w MD-Projekt, wykorzystywana przede wszystkim przy \u015brednich i du\u017cych nak\u0142adach. Technika ta charakteryzuje si\u0119 wyj\u0105tkow\u0105 precyzj\u0105 odwzorowania kolor\u00f3w oraz doskona\u0142\u0105 jako\u015bci\u0105 druku na r\u00f3\u017cnego rodzaju papierach.[\/vc_column_text][vc_column_text css=&#8221;&#8221;][\/vc_column_text][\/vc_column_inner][\/vc_row_inner][vc_row_inner css=&#8221;.vc_custom_1547571656437{margin-bottom: 0px !important;}&#8221;][vc_column_inner width=&#8221;1\/2&#8243;][vc_column_text css=&#8221;&#8221;]<\/p>\n<h2>Dlaczego warto wybra\u0107 druk offsetowy?<\/h2>\n<p>[\/vc_column_text][vc_separator color=&#8221;custom&#8221; align=&#8221;align_left&#8221; el_width=&#8221;20&#8243; css=&#8221;.vc_custom_1547615270912{padding-top: 5px !important;padding-bottom: 15px !important;}&#8221; accent_color=&#8221;#88bec9&#8243;]<div class=\"clearboth\"><\/div><style>#thegem-divider-69f2a0b6e364f {margin-top: 15px !important;}<\/style><div id=\"thegem-divider-69f2a0b6e364f\" class=\"gem-divider  divider-hidden\" style=\"\" ><\/div>[vc_column_text css=&#8221;&#8221;]<\/p>\n<ul data-start=\"515\" data-end=\"917\">\n<li data-start=\"515\" data-end=\"598\">\n<p data-start=\"517\" data-end=\"598\">\u2705 <strong data-start=\"519\" data-end=\"536\">Wysoka jako\u015b\u0107<\/strong> \u2013 idealne odwzorowanie detali i kolor\u00f3w, bez smug czy rozmy\u0107.<\/p>\n<\/li>\n<li data-start=\"599\" data-end=\"697\">\n<p data-start=\"601\" data-end=\"697\">\u2705 <strong data-start=\"603\" data-end=\"642\">Ekonomiczno\u015b\u0107 przy du\u017cych nak\u0142adach<\/strong> \u2013 im wi\u0119cej egzemplarzy, tym ni\u017cszy koszt jednostkowy.<\/p>\n<\/li>\n<li data-start=\"698\" data-end=\"797\">\n<p data-start=\"700\" data-end=\"797\">\u2705 <strong data-start=\"702\" data-end=\"725\">Szerokie mo\u017cliwo\u015bci<\/strong> \u2013 drukujemy na papierach matowych, b\u0142yszcz\u0105cych, kredowych i ozdobnych.<\/p>\n<\/li>\n<li data-start=\"798\" data-end=\"917\">\n<p data-start=\"800\" data-end=\"917\">\u2705 <strong data-start=\"802\" data-end=\"830\">Szybko\u015b\u0107 i powtarzalno\u015b\u0107<\/strong> \u2013 idealne rozwi\u0105zanie przy produkcji katalog\u00f3w, ulotek, plakat\u00f3w czy teczek firmowych.<\/p>\n<\/li>\n<\/ul>\n<p data-start=\"919\" data-end=\"1151\">To idealna technika dla klient\u00f3w, kt\u00f3rzy stawiaj\u0105 na profesjonalny efekt ko\u0144cowy i sp\u00f3jno\u015b\u0107 druku w ka\u017cdej kopii. Niezale\u017cnie od tego, czy potrzebujesz 1 000 ulotek czy 50 000 katalog\u00f3w \u2013 nasz <b data-path-to-node=\"10,0\" data-index-in-node=\"79\">druk offsetowy Miko\u0142\u00f3w<\/b> zapewni perfekcyjny rezultat. <a href=\"https:\/\/mdprojekt.eu\/index.php\/portfolio\/cennik\/\">Zam\u00f3w ju\u017c teraz!<\/a><\/p>\n<p>[\/vc_column_text][\/vc_column_inner][vc_column_inner width=&#8221;1\/2&#8243;]<div class=\"clearboth\"><\/div><style>#thegem-divider-69f2a0b6e365f {margin-top: 15px !important;}<\/style><div id=\"thegem-divider-69f2a0b6e365f\" class=\"gem-divider  \" style=\"\" ><\/div>[vc_single_image image=&#8221;1678&#8243; img_size=&#8221;large&#8221; css=&#8221;&#8221;]<div class=\"clearboth\"><\/div><style>#thegem-divider-69f2a0b6e366f {margin-top: 40px !important;}<\/style><div id=\"thegem-divider-69f2a0b6e366f\" class=\"gem-divider  divider-hidden\" style=\"\" ><\/div><div class=\"clearboth\"><\/div><style>#thegem-divider-69f2a0b6e367e {margin-top: 20px !important;}<\/style><div id=\"thegem-divider-69f2a0b6e367e\" class=\"gem-divider  \" style=\"\" ><\/div>[\/vc_column_inner][\/vc_row_inner]<div class=\"clearboth\"><\/div><style>#thegem-divider-69f2a0b6e368d {margin-top: 30px !important;}<\/style><div id=\"thegem-divider-69f2a0b6e368d\" class=\"gem-divider  \" style=\"\" ><\/div><div class=\"clearboth\"><\/div><style>#thegem-divider-69f2a0b6e369c {margin-top: 70px !important;}<\/style><div id=\"thegem-divider-69f2a0b6e369c\" class=\"gem-divider  divider-hidden\" style=\"\" ><\/div>[\/vc_column][\/vc_row][vc_row full_width=&#8221;stretch_row&#8221; css=&#8221;.vc_custom_1754295200269{margin-bottom: -1px !important;background-image: url(https:\/\/mdprojekt.eu\/wp-content\/uploads\/2019\/01\/3-1.png?id=668) !important;background-position: center !important;background-repeat: no-repeat !important;background-size: cover !important;}&#8221;][vc_column]<div id=\"fullwidth-block-69f2a0b6e3d29\" class=\"fullwidth-block clearfix\"  style=\"padding-top: 55px;padding-bottom: 45px;\"><script type=\"text\/javascript\">if (typeof(gem_fix_fullwidth_position) == \"function\") { gem_fix_fullwidth_position(document.getElementById(\"fullwidth-block-69f2a0b6e3d29\")); }<\/script><div class=\"fullwidth-block-inner\"><div class=\"container\"><div class=\"clearboth\"><\/div><style>#thegem-divider-69f2a0b6e3db9 {margin-top: 40px !important;}<\/style><div id=\"thegem-divider-69f2a0b6e3db9\" class=\"gem-divider  divider-hidden\" style=\"\" ><\/div>[vc_column_text css=&#8221;&#8221; el_class=&#8221;dline-1&#8243;]<\/p>\n<h1 style=\"text-align: center;\"><span style=\"color: #ffffff;\">NASZE PRACE<\/span><\/h1>\n<p>[\/vc_column_text]<div class=\"clearboth\"><\/div><style>#thegem-divider-69f2a0b6e3dd3 {margin-top: 20px !important;}<\/style><div id=\"thegem-divider-69f2a0b6e3dd3\" class=\"gem-divider  divider-hidden\" style=\"\" ><\/div>[vc_separator color=&#8221;custom&#8221; el_width=&#8221;10&#8243; accent_color=&#8221;#88bec9&#8243;]<div class=\"clearboth\"><\/div><style>#thegem-divider-69f2a0b6e3de2 {margin-top: 32px !important;}<\/style><div id=\"thegem-divider-69f2a0b6e3de2\" class=\"gem-divider  divider-hidden\" style=\"\" ><\/div>[vc_column_text css=&#8221;&#8221;]<\/p>\n<div class=\"styled-subtitle\" style=\"text-align: center;\"><span style=\"color: #b1bac2;\"><a href=\"https:\/\/mdprojekt.eu\/index.php\/portfolio\/portfolio-grid\/\">Zobacz co mo\u017cemy dla Ciebie stworzy\u0107<\/a>\u00a0<\/span><\/div>\n<p>[\/vc_column_text]<div class=\"clearboth\"><\/div><style>#thegem-divider-69f2a0b6e3dee {margin-top: 70px !important;}<\/style><div id=\"thegem-divider-69f2a0b6e3dee\" class=\"gem-divider  \" style=\"\" ><\/div><div class=\"clearboth\"><\/div><style>#thegem-divider-69f2a0b6e3dfa {margin-top: 60px !important;}<\/style><div id=\"thegem-divider-69f2a0b6e3dfa\" class=\"gem-divider  divider-hidden\" style=\"\" ><\/div>[vc_row_inner][vc_column_inner width=&#8221;1\/3&#8243;][vc_column_text css=&#8221;&#8221; css_animation=&#8221;none&#8221; el_class=&#8221;dline-2-1&#8243;]<\/p>\n<div class=\"title-h6\"><span style=\"color: #00bcd4;\">ULOTKI I FOLDERy<\/span><\/div>\n<p>[\/vc_column_text][vc_separator color=&#8221;custom&#8221; align=&#8221;align_left&#8221; el_width=&#8221;30&#8243; css=&#8221;.vc_custom_1547572413570{padding-top: 13px !important;}&#8221; accent_color=&#8221;#00bcd4&#8243;]<div class=\"clearboth\"><\/div><style>#thegem-divider-69f2a0b6e3e05 {margin-top: 20px !important;}<\/style><div id=\"thegem-divider-69f2a0b6e3e05\" class=\"gem-divider  \" style=\"\" ><\/div>[vc_column_text css=&#8221;.vc_custom_1768554274466{padding-right: 15px !important;}&#8221; css_animation=&#8221;bottom-to-top&#8221;]<\/p>\n<p data-start=\"290\" data-end=\"518\"><span style=\"color: #c8c8c8;\">Druk offsetowy to idealne rozwi\u0105zanie do produkcji ulotek i folder\u00f3w w du\u017cych nak\u0142adach. Gwarantujemy doskona\u0142e odwzorowanie kolor\u00f3w, wysok\u0105 jako\u015b\u0107 papieru oraz precyzyjne wyko\u0144czenie, kt\u00f3re skutecznie przyci\u0105ga uwag\u0119 odbiorc\u00f3w.<\/span><\/p>\n<p>[\/vc_column_text]<div class=\"clearboth\"><\/div><style>#thegem-divider-69f2a0b6e3e10 {margin-top: 100px !important;}<\/style><div id=\"thegem-divider-69f2a0b6e3e10\" class=\"gem-divider  \" style=\"\" ><\/div>[\/vc_column_inner][vc_column_inner width=&#8221;1\/3&#8243;][vc_column_text css=&#8221;&#8221; css_animation=&#8221;none&#8221; el_class=&#8221;dline-2-2&#8243;]<\/p>\n<div class=\"title-h6\"><span style=\"color: #a3e7f0;\">KATALOGI I BROsZURY<\/span><\/div>\n<p>[\/vc_column_text][vc_separator color=&#8221;custom&#8221; align=&#8221;align_left&#8221; el_width=&#8221;30&#8243; css=&#8221;.vc_custom_1547572423116{padding-top: 13px !important;}&#8221; accent_color=&#8221;#90cbd5&#8243;]<div class=\"clearboth\"><\/div><style>#thegem-divider-69f2a0b6e3e1b {margin-top: 20px !important;}<\/style><div id=\"thegem-divider-69f2a0b6e3e1b\" class=\"gem-divider  \" style=\"\" ><\/div>[vc_column_text css=&#8221;.vc_custom_1768554334398{padding-right: 15px !important;}&#8221; css_animation=&#8221;bottom-to-top&#8221;]<span style=\"color: #c8c8c8;\">Profesjonalne katalogi i broszury drukowane w technologii offsetowej to sprawdzony spos\u00f3b na prezentacj\u0119 oferty. Zapewniamy sp\u00f3jno\u015b\u0107 kolorystyczn\u0105, wyra\u017ane detale oraz mo\u017cliwo\u015b\u0107 druku na r\u00f3\u017cnych rodzajach papieru.<\/span>[\/vc_column_text]<div class=\"clearboth\"><\/div><style>#thegem-divider-69f2a0b6e3e25 {margin-top: 100px !important;}<\/style><div id=\"thegem-divider-69f2a0b6e3e25\" class=\"gem-divider  \" style=\"\" ><\/div>[\/vc_column_inner][vc_column_inner width=&#8221;1\/3&#8243;][vc_column_text css=&#8221;.vc_custom_1768554349214{padding-top: 13px !important;}&#8221; css_animation=&#8221;none&#8221; el_class=&#8221;dline-2-3&#8243;]<\/p>\n<div class=\"title-h6\"><span style=\"color: #cff1f5;\">PLAKATY I MATERIA\u0141Y REKLAMOWE<\/span><\/div>\n<p>[\/vc_column_text][vc_separator color=&#8221;custom&#8221; align=&#8221;align_left&#8221; el_width=&#8221;30&#8243; accent_color=&#8221;#b7d4da&#8221;]<div class=\"clearboth\"><\/div><style>#thegem-divider-69f2a0b6e3e2e {margin-top: 20px !important;}<\/style><div id=\"thegem-divider-69f2a0b6e3e2e\" class=\"gem-divider  \" style=\"\" ><\/div>[vc_column_text css=&#8221;.vc_custom_1768554380011{padding-right: 15px !important;}&#8221; css_animation=&#8221;bottom-to-top&#8221;]<span style=\"color: #c8c8c8;\">Plakaty, arkusze reklamowe i materia\u0142y promocyjne drukowane offsetowo wyr\u00f3\u017cniaj\u0105 si\u0119 intensywnymi kolorami i trwa\u0142o\u015bci\u0105. Idealne do kampanii marketingowych, event\u00f3w oraz ekspozycji sprzeda\u017cowych.<\/span>[\/vc_column_text]<div class=\"clearboth\"><\/div><style>#thegem-divider-69f2a0b6e3e39 {margin-top: 100px !important;}<\/style><div id=\"thegem-divider-69f2a0b6e3e39\" class=\"gem-divider  divider-hidden\" style=\"\" ><\/div>[\/vc_column_inner][\/vc_row_inner]<\/div><\/div><\/div>[\/vc_column][\/vc_row]<\/p>\n<\/div>","protected":false},"excerpt":{"rendered":"<p>[vc_row full_width=&#8221;stretch_row&#8221; disable_custom_paddings_mobile=&#8221;true&#8221; css=&#8221;.vc_custom_1553519198268{margin-bottom: 0px !important;padding-bottom: 80px !important;background-image: url(http:\/\/mdprojs.cluster030.hosting.ovh.net\/wp-content\/uploads\/2019\/01\/4.png?id=257) !important;background-position: center !important;background-repeat: no-repeat !important;background-size: cover !important;}&#8221;][vc_column css=&#8221;.vc_custom_1547571093904{margin-bottom: 0px !important;}&#8221;][vc_column_text css=&#8221;.vc_custom_1770903257511{margin-top:&#8230;<\/p>\n","protected":false},"author":1,"featured_media":0,"parent":1219,"menu_order":0,"comment_status":"closed","ping_status":"closed","template":"","meta":{"footnotes":""},"class_list":["post-13","page","type-page","status-publish"],"yoast_head":"<!-- This site is optimized with the Yoast SEO plugin v27.0 - https:\/\/yoast.com\/product\/yoast-seo-wordpress\/ -->\n<title>Druk offsetowy Miko\u0142\u00f3w \u2013 Ulotki, Katalogi, Plakaty | MD-Projekt<\/title>\n<meta name=\"description\" content=\"Druk offsetowy Miko\u0142\u00f3w w MD-Projekt to gwarancja jako\u015bci przy du\u017cych nak\u0142adach. Drukujemy ulotki, katalogi i plakaty. Sprawd\u017a nasz\u0105 ofert\u0119!\" \/>\n<meta name=\"robots\" content=\"index, follow, max-snippet:-1, max-image-preview:large, max-video-preview:-1\" \/>\n<link rel=\"canonical\" href=\"https:\/\/mdprojekt.eu\/index.php\/co-oferujemy\/druk-offsetowy\/\" \/>\n<meta property=\"og:locale\" content=\"pl_PL\" \/>\n<meta property=\"og:type\" content=\"article\" \/>\n<meta property=\"og:title\" content=\"Druk offsetowy Miko\u0142\u00f3w \u2013 Ulotki, Katalogi, Plakaty | MD-Projekt\" \/>\n<meta property=\"og:description\" content=\"Druk offsetowy Miko\u0142\u00f3w w MD-Projekt to gwarancja jako\u015bci przy du\u017cych nak\u0142adach. Drukujemy ulotki, katalogi i plakaty. Sprawd\u017a nasz\u0105 ofert\u0119!\" \/>\n<meta property=\"og:url\" content=\"https:\/\/mdprojekt.eu\/index.php\/co-oferujemy\/druk-offsetowy\/\" \/>\n<meta property=\"og:site_name\" content=\"MD-PROJEKT\" \/>\n<meta property=\"article:modified_time\" content=\"2026-02-12T13:36:16+00:00\" \/>\n<meta name=\"twitter:card\" content=\"summary_large_image\" \/>\n<meta name=\"twitter:label1\" content=\"Szacowany czas czytania\" \/>\n\t<meta name=\"twitter:data1\" content=\"3 minuty\" \/>\n<script type=\"application\/ld+json\" class=\"yoast-schema-graph\">{\"@context\":\"https:\/\/schema.org\",\"@graph\":[{\"@type\":\"WebPage\",\"@id\":\"https:\/\/mdprojekt.eu\/index.php\/co-oferujemy\/druk-offsetowy\/\",\"url\":\"https:\/\/mdprojekt.eu\/index.php\/co-oferujemy\/druk-offsetowy\/\",\"name\":\"Druk offsetowy Miko\u0142\u00f3w \u2013 Ulotki, Katalogi, Plakaty | MD-Projekt\",\"isPartOf\":{\"@id\":\"https:\/\/mdprojekt.eu\/#website\"},\"datePublished\":\"2019-01-11T17:13:31+00:00\",\"dateModified\":\"2026-02-12T13:36:16+00:00\",\"description\":\"Druk offsetowy Miko\u0142\u00f3w w MD-Projekt to gwarancja jako\u015bci przy du\u017cych nak\u0142adach. Drukujemy ulotki, katalogi i plakaty. Sprawd\u017a nasz\u0105 ofert\u0119!\",\"breadcrumb\":{\"@id\":\"https:\/\/mdprojekt.eu\/index.php\/co-oferujemy\/druk-offsetowy\/#breadcrumb\"},\"inLanguage\":\"pl-PL\",\"potentialAction\":[{\"@type\":\"ReadAction\",\"target\":[\"https:\/\/mdprojekt.eu\/index.php\/co-oferujemy\/druk-offsetowy\/\"]}]},{\"@type\":\"BreadcrumbList\",\"@id\":\"https:\/\/mdprojekt.eu\/index.php\/co-oferujemy\/druk-offsetowy\/#breadcrumb\",\"itemListElement\":[{\"@type\":\"ListItem\",\"position\":1,\"name\":\"Strona g\u0142\u00f3wna\",\"item\":\"https:\/\/mdprojekt.eu\/\"},{\"@type\":\"ListItem\",\"position\":2,\"name\":\"CO OFERUJEMY\",\"item\":\"https:\/\/mdprojekt.eu\/index.php\/co-oferujemy\/\"},{\"@type\":\"ListItem\",\"position\":3,\"name\":\"Druk offsetowy\"}]},{\"@type\":\"WebSite\",\"@id\":\"https:\/\/mdprojekt.eu\/#website\",\"url\":\"https:\/\/mdprojekt.eu\/\",\"name\":\"MD-PROJEKT\",\"description\":\"\",\"publisher\":{\"@id\":\"https:\/\/mdprojekt.eu\/#organization\"},\"potentialAction\":[{\"@type\":\"SearchAction\",\"target\":{\"@type\":\"EntryPoint\",\"urlTemplate\":\"https:\/\/mdprojekt.eu\/?s={search_term_string}\"},\"query-input\":{\"@type\":\"PropertyValueSpecification\",\"valueRequired\":true,\"valueName\":\"search_term_string\"}}],\"inLanguage\":\"pl-PL\"},{\"@type\":\"Organization\",\"@id\":\"https:\/\/mdprojekt.eu\/#organization\",\"name\":\"MD-PROJEKT\",\"url\":\"https:\/\/mdprojekt.eu\/\",\"logo\":{\"@type\":\"ImageObject\",\"inLanguage\":\"pl-PL\",\"@id\":\"https:\/\/mdprojekt.eu\/#\/schema\/logo\/image\/\",\"url\":\"https:\/\/mdprojekt.eu\/wp-content\/uploads\/2025\/08\/cropped-md-logo-1.png\",\"contentUrl\":\"https:\/\/mdprojekt.eu\/wp-content\/uploads\/2025\/08\/cropped-md-logo-1.png\",\"width\":512,\"height\":512,\"caption\":\"MD-PROJEKT\"},\"image\":{\"@id\":\"https:\/\/mdprojekt.eu\/#\/schema\/logo\/image\/\"}}]}<\/script>\n<!-- \/ Yoast SEO plugin. -->","yoast_head_json":{"title":"Druk offsetowy Miko\u0142\u00f3w \u2013 Ulotki, Katalogi, Plakaty | MD-Projekt","description":"Druk offsetowy Miko\u0142\u00f3w w MD-Projekt to gwarancja jako\u015bci przy du\u017cych nak\u0142adach. Drukujemy ulotki, katalogi i plakaty. Sprawd\u017a nasz\u0105 ofert\u0119!","robots":{"index":"index","follow":"follow","max-snippet":"max-snippet:-1","max-image-preview":"max-image-preview:large","max-video-preview":"max-video-preview:-1"},"canonical":"https:\/\/mdprojekt.eu\/index.php\/co-oferujemy\/druk-offsetowy\/","og_locale":"pl_PL","og_type":"article","og_title":"Druk offsetowy Miko\u0142\u00f3w \u2013 Ulotki, Katalogi, Plakaty | MD-Projekt","og_description":"Druk offsetowy Miko\u0142\u00f3w w MD-Projekt to gwarancja jako\u015bci przy du\u017cych nak\u0142adach. Drukujemy ulotki, katalogi i plakaty. Sprawd\u017a nasz\u0105 ofert\u0119!","og_url":"https:\/\/mdprojekt.eu\/index.php\/co-oferujemy\/druk-offsetowy\/","og_site_name":"MD-PROJEKT","article_modified_time":"2026-02-12T13:36:16+00:00","twitter_card":"summary_large_image","twitter_misc":{"Szacowany czas czytania":"3 minuty"},"schema":{"@context":"https:\/\/schema.org","@graph":[{"@type":"WebPage","@id":"https:\/\/mdprojekt.eu\/index.php\/co-oferujemy\/druk-offsetowy\/","url":"https:\/\/mdprojekt.eu\/index.php\/co-oferujemy\/druk-offsetowy\/","name":"Druk offsetowy Miko\u0142\u00f3w \u2013 Ulotki, Katalogi, Plakaty | MD-Projekt","isPartOf":{"@id":"https:\/\/mdprojekt.eu\/#website"},"datePublished":"2019-01-11T17:13:31+00:00","dateModified":"2026-02-12T13:36:16+00:00","description":"Druk offsetowy Miko\u0142\u00f3w w MD-Projekt to gwarancja jako\u015bci przy du\u017cych nak\u0142adach. Drukujemy ulotki, katalogi i plakaty. Sprawd\u017a nasz\u0105 ofert\u0119!","breadcrumb":{"@id":"https:\/\/mdprojekt.eu\/index.php\/co-oferujemy\/druk-offsetowy\/#breadcrumb"},"inLanguage":"pl-PL","potentialAction":[{"@type":"ReadAction","target":["https:\/\/mdprojekt.eu\/index.php\/co-oferujemy\/druk-offsetowy\/"]}]},{"@type":"BreadcrumbList","@id":"https:\/\/mdprojekt.eu\/index.php\/co-oferujemy\/druk-offsetowy\/#breadcrumb","itemListElement":[{"@type":"ListItem","position":1,"name":"Strona g\u0142\u00f3wna","item":"https:\/\/mdprojekt.eu\/"},{"@type":"ListItem","position":2,"name":"CO OFERUJEMY","item":"https:\/\/mdprojekt.eu\/index.php\/co-oferujemy\/"},{"@type":"ListItem","position":3,"name":"Druk offsetowy"}]},{"@type":"WebSite","@id":"https:\/\/mdprojekt.eu\/#website","url":"https:\/\/mdprojekt.eu\/","name":"MD-PROJEKT","description":"","publisher":{"@id":"https:\/\/mdprojekt.eu\/#organization"},"potentialAction":[{"@type":"SearchAction","target":{"@type":"EntryPoint","urlTemplate":"https:\/\/mdprojekt.eu\/?s={search_term_string}"},"query-input":{"@type":"PropertyValueSpecification","valueRequired":true,"valueName":"search_term_string"}}],"inLanguage":"pl-PL"},{"@type":"Organization","@id":"https:\/\/mdprojekt.eu\/#organization","name":"MD-PROJEKT","url":"https:\/\/mdprojekt.eu\/","logo":{"@type":"ImageObject","inLanguage":"pl-PL","@id":"https:\/\/mdprojekt.eu\/#\/schema\/logo\/image\/","url":"https:\/\/mdprojekt.eu\/wp-content\/uploads\/2025\/08\/cropped-md-logo-1.png","contentUrl":"https:\/\/mdprojekt.eu\/wp-content\/uploads\/2025\/08\/cropped-md-logo-1.png","width":512,"height":512,"caption":"MD-PROJEKT"},"image":{"@id":"https:\/\/mdprojekt.eu\/#\/schema\/logo\/image\/"}}]}},"_links":{"self":[{"href":"https:\/\/mdprojekt.eu\/index.php\/wp-json\/wp\/v2\/pages\/13","targetHints":{"allow":["GET"]}}],"collection":[{"href":"https:\/\/mdprojekt.eu\/index.php\/wp-json\/wp\/v2\/pages"}],"about":[{"href":"https:\/\/mdprojekt.eu\/index.php\/wp-json\/wp\/v2\/types\/page"}],"author":[{"embeddable":true,"href":"https:\/\/mdprojekt.eu\/index.php\/wp-json\/wp\/v2\/users\/1"}],"replies":[{"embeddable":true,"href":"https:\/\/mdprojekt.eu\/index.php\/wp-json\/wp\/v2\/comments?post=13"}],"version-history":[{"count":28,"href":"https:\/\/mdprojekt.eu\/index.php\/wp-json\/wp\/v2\/pages\/13\/revisions"}],"predecessor-version":[{"id":2065,"href":"https:\/\/mdprojekt.eu\/index.php\/wp-json\/wp\/v2\/pages\/13\/revisions\/2065"}],"up":[{"embeddable":true,"href":"https:\/\/mdprojekt.eu\/index.php\/wp-json\/wp\/v2\/pages\/1219"}],"wp:attachment":[{"href":"https:\/\/mdprojekt.eu\/index.php\/wp-json\/wp\/v2\/media?parent=13"}],"curies":[{"name":"wp","href":"https:\/\/api.w.org\/{rel}","templated":true}]}}